{"id":110,"date":"2023-09-07T11:05:05","date_gmt":"2023-09-07T09:05:05","guid":{"rendered":"https:\/\/luciemarvingt.fr\/?page_id=110"},"modified":"2024-11-13T15:50:49","modified_gmt":"2024-11-13T14:50:49","slug":"110-2","status":"publish","type":"page","link":"https:\/\/luciemarvingt.fr\/index.php\/110-2\/","title":{"rendered":"Contact"},"content":{"rendered":"<nav class=\"is-responsive items-justified-right wp-block-navigation is-content-justification-right is-layout-flex wp-container-2 wp-block-navigation-is-layout-flex\" aria-label=\"Navigation\" ><button aria-haspopup=\"true\" aria-label=\"Open menu\" class=\"wp-block-navigation__responsive-container-open \" data-micromodal-trigger=\"modal-1\" ><svg width=\"24\" height=\"24\" xmlns=\"http:\/\/www.w3.org\/2000\/svg\" viewBox=\"0 0 24 24\" aria-hidden=\"true\" focusable=\"false\"><rect x=\"4\" y=\"7.5\" width=\"16\" height=\"1.5\" \/><rect x=\"4\" y=\"15\" width=\"16\" height=\"1.5\" \/><\/svg><\/button>\n\t\t\t<div class=\"wp-block-navigation__responsive-container  \" style=\"\" id=\"modal-1\" >\n\t\t\t\t<div class=\"wp-block-navigation__responsive-close\" tabindex=\"-1\" data-micromodal-close>\n\t\t\t\t\t<div class=\"wp-block-navigation__responsive-dialog\" aria-label=\"Menu\" >\n\t\t\t\t\t\t\t<button aria-label=\"Close menu\" data-micromodal-close class=\"wp-block-navigation__responsive-container-close\" ><svg xmlns=\"http:\/\/www.w3.org\/2000\/svg\" viewBox=\"0 0 24 24\" width=\"24\" height=\"24\" aria-hidden=\"true\" focusable=\"false\"><path d=\"M13 11.8l6.1-6.3-1-1-6.1 6.2-6.1-6.2-1 1 6.1 6.3-6.5 6.7 1 1 6.5-6.6 6.5 6.6 1-1z\"><\/path><\/svg><\/button>\n\t\t\t\t\t\t<div class=\"wp-block-navigation__responsive-container-content\" id=\"modal-1-content\">\n\t\t\t\t\t\t\t<ul class=\"wp-block-navigation__container is-responsive items-justified-right wp-block-navigation\"><li class=\" wp-block-navigation-item wp-block-navigation-link\"><a class=\"wp-block-navigation-item__content\"  href=\"https:\/\/luciemarvingt.fr\/index.php\/6-2\/\"><span class=\"wp-block-navigation-item__label\">accueil<\/span><\/a><\/li><li class=\" wp-block-navigation-item has-child open-on-hover-click wp-block-navigation-submenu\"><a class=\"wp-block-navigation-item__content\" href=\"https:\/\/luciemarvingt.fr\/index.php\/37-2\/\">travaux<\/a><button aria-label=\"travaux submenu\" class=\"wp-block-navigation__submenu-icon wp-block-navigation-submenu__toggle\" aria-expanded=\"false\"><svg xmlns=\"http:\/\/www.w3.org\/2000\/svg\" width=\"12\" height=\"12\" viewBox=\"0 0 12 12\" fill=\"none\" aria-hidden=\"true\" focusable=\"false\"><path d=\"M1.50002 4L6.00002 8L10.5 4\" stroke-width=\"1.5\"><\/path><\/svg><\/button><ul class=\"wp-block-navigation__submenu-container wp-block-navigation-submenu\"><li class=\" wp-block-navigation-item wp-block-navigation-link\"><a class=\"wp-block-navigation-item__content\"  href=\"https:\/\/luciemarvingt.fr\/index.php\/37-2\/\"><span class=\"wp-block-navigation-item__label\">Affleurements<\/span><\/a><\/li><li class=\" wp-block-navigation-item wp-block-navigation-link\"><a class=\"wp-block-navigation-item__content\"  href=\"https:\/\/luciemarvingt.fr\/index.php\/50-2\/\"><span class=\"wp-block-navigation-item__label\">White<\/span><\/a><\/li><li class=\" wp-block-navigation-item wp-block-navigation-link\"><a class=\"wp-block-navigation-item__content\"  href=\"https:\/\/luciemarvingt.fr\/index.php\/121-2\/\"><span class=\"wp-block-navigation-item__label\">De neige de nuit<\/span><\/a><\/li><li class=\" wp-block-navigation-item wp-block-navigation-link\"><a class=\"wp-block-navigation-item__content\"  href=\"https:\/\/luciemarvingt.fr\/index.php\/139-2\/\"><span class=\"wp-block-navigation-item__label\">La peau<\/span><\/a><\/li><li class=\" wp-block-navigation-item wp-block-navigation-link\"><a class=\"wp-block-navigation-item__content\"  href=\"https:\/\/luciemarvingt.fr\/index.php\/21-grammes\/\"><span class=\"wp-block-navigation-item__label\">21 grammes<\/span><\/a><\/li><li class=\" wp-block-navigation-item wp-block-navigation-link\"><a class=\"wp-block-navigation-item__content\"  href=\"https:\/\/luciemarvingt.fr\/index.php\/rien-ne-soppose-a-la-nuit\/\"><span class=\"wp-block-navigation-item__label\">Rien ne s\u2019oppose \u00e0 la nuit<\/span><\/a><\/li><\/ul><\/li><li class=\" wp-block-navigation-item wp-block-navigation-link\"><a class=\"wp-block-navigation-item__content\"  href=\"https:\/\/luciemarvingt.fr\/index.php\/107-2\/\"><span class=\"wp-block-navigation-item__label\">\u00e0 propos<\/span><\/a><\/li><li class=\" wp-block-navigation-item wp-block-navigation-link\"><a class=\"wp-block-navigation-item__content\"  href=\"https:\/\/luciemarvingt.fr\/index.php\/110-2\/\"><span class=\"wp-block-navigation-item__label\">contact<\/span><\/a><\/li><\/ul>\n\t\t\t\t\t\t<\/div>\n\t\t\t\t\t<\/div>\n\t\t\t\t<\/div>\n\t\t\t<\/div><\/nav>\n\n\n<div class=\"wp-block-group is-vertical is-content-justification-left is-layout-flex wp-container-3 wp-block-group-is-layout-flex\">\n<p style=\"padding-right:var(--wp--preset--spacing--50);padding-left:var(--wp--preset--spacing--50);font-size:clamp(14px, 0.875rem + ((1vw - 3.2px) * 0.227), 16px);\">Toutes les photographies pr\u00e9sent\u00e9es sur le site sont \u00e0 vendre en tirages limit\u00e9s \u00e0 30 exemplaires et sign\u00e9s, contactez moi pour un tarif.<\/p>\n\n\n\n<p style=\"padding-right:var(--wp--preset--spacing--50);padding-left:var(--wp--preset--spacing--50);font-size:clamp(14px, 0.875rem + ((1vw - 3.2px) * 0.227), 16px);\">Photographies non libres de droits, toute utilisation commerciale ou non doit \u00eatre soumise \u00e0 autorisation de l&#8217;auteur. <\/p>\n<\/div>\n\n\n\n<div class=\"wp-block-group has-global-padding is-content-justification-right is-layout-constrained wp-container-6 wp-block-group-is-layout-constrained\">\n<p class=\"has-text-align-right\" style=\"font-size:clamp(21.536px, 1.346rem + ((1vw - 3.2px) * 1.53), 35px);\">Contactez nous<\/p>\n\n\n\n<p class=\"has-text-align-right\" style=\"font-size:clamp(15.197px, 0.95rem + ((1vw - 3.2px) * 0.887), 23px);\"><strong>Lucie Marvingt<\/strong><\/p>\n\n\n\n<div class=\"wp-block-group is-vertical is-content-justification-stretch is-layout-flex wp-container-4 wp-block-group-is-layout-flex\">\n<p class=\"has-text-align-right\" style=\"padding-top:0;padding-right:0;padding-bottom:0;padding-left:0\">Vosges, France<\/p>\n\n\n\n<p class=\"has-text-align-right\" style=\"padding-top:0;padding-right:0;padding-bottom:0;padding-left:0\">06 07 99 39 35<\/p>\n\n\n\n<p class=\"has-text-align-right\" style=\"padding-top:0;padding-right:0;padding-bottom:0;padding-left:0\">lmarvingt@hotmail.fr<\/p>\n<\/div>\n\n\n\n<ul class=\"wp-block-social-links is-content-justification-right is-layout-flex wp-container-5 wp-block-social-links-is-layout-flex\"><li class=\"wp-social-link wp-social-link-instagram  wp-block-social-link\"><a href=\"https:\/\/www.instagram.com\/lucie_marvingt_photographe\/\" class=\"wp-block-social-link-anchor\"><svg width=\"24\" height=\"24\" viewBox=\"0 0 24 24\" version=\"1.1\" xmlns=\"http:\/\/www.w3.org\/2000\/svg\" aria-hidden=\"true\" focusable=\"false\"><path d=\"M12,4.622c2.403,0,2.688,0.009,3.637,0.052c0.877,0.04,1.354,0.187,1.671,0.31c0.42,0.163,0.72,0.358,1.035,0.673 c0.315,0.315,0.51,0.615,0.673,1.035c0.123,0.317,0.27,0.794,0.31,1.671c0.043,0.949,0.052,1.234,0.052,3.637 s-0.009,2.688-0.052,3.637c-0.04,0.877-0.187,1.354-0.31,1.671c-0.163,0.42-0.358,0.72-0.673,1.035 c-0.315,0.315-0.615,0.51-1.035,0.673c-0.317,0.123-0.794,0.27-1.671,0.31c-0.949,0.043-1.233,0.052-3.637,0.052 s-2.688-0.009-3.637-0.052c-0.877-0.04-1.354-0.187-1.671-0.31c-0.42-0.163-0.72-0.358-1.035-0.673 c-0.315-0.315-0.51-0.615-0.673-1.035c-0.123-0.317-0.27-0.794-0.31-1.671C4.631,14.688,4.622,14.403,4.622,12 s0.009-2.688,0.052-3.637c0.04-0.877,0.187-1.354,0.31-1.671c0.163-0.42,0.358-0.72,0.673-1.035 c0.315-0.315,0.615-0.51,1.035-0.673c0.317-0.123,0.794-0.27,1.671-0.31C9.312,4.631,9.597,4.622,12,4.622 M12,3 C9.556,3,9.249,3.01,8.289,3.054C7.331,3.098,6.677,3.25,6.105,3.472C5.513,3.702,5.011,4.01,4.511,4.511 c-0.5,0.5-0.808,1.002-1.038,1.594C3.25,6.677,3.098,7.331,3.054,8.289C3.01,9.249,3,9.556,3,12c0,2.444,0.01,2.751,0.054,3.711 c0.044,0.958,0.196,1.612,0.418,2.185c0.23,0.592,0.538,1.094,1.038,1.594c0.5,0.5,1.002,0.808,1.594,1.038 c0.572,0.222,1.227,0.375,2.185,0.418C9.249,20.99,9.556,21,12,21s2.751-0.01,3.711-0.054c0.958-0.044,1.612-0.196,2.185-0.418 c0.592-0.23,1.094-0.538,1.594-1.038c0.5-0.5,0.808-1.002,1.038-1.594c0.222-0.572,0.375-1.227,0.418-2.185 C20.99,14.751,21,14.444,21,12s-0.01-2.751-0.054-3.711c-0.044-0.958-0.196-1.612-0.418-2.185c-0.23-0.592-0.538-1.094-1.038-1.594 c-0.5-0.5-1.002-0.808-1.594-1.038c-0.572-0.222-1.227-0.375-2.185-0.418C14.751,3.01,14.444,3,12,3L12,3z M12,7.378 c-2.552,0-4.622,2.069-4.622,4.622S9.448,16.622,12,16.622s4.622-2.069,4.622-4.622S14.552,7.378,12,7.378z M12,15 c-1.657,0-3-1.343-3-3s1.343-3,3-3s3,1.343,3,3S13.657,15,12,15z M16.804,6.116c-0.596,0-1.08,0.484-1.08,1.08 s0.484,1.08,1.08,1.08c0.596,0,1.08-0.484,1.08-1.08S17.401,6.116,16.804,6.116z\"><\/path><\/svg><span class=\"wp-block-social-link-label screen-reader-text\">Instagram<\/span><\/a><\/li>\n\n<li class=\"wp-social-link wp-social-link-facebook  wp-block-social-link\"><a href=\"https:\/\/www.facebook.com\/profile.php?id=100081126803107\" class=\"wp-block-social-link-anchor\"><svg width=\"24\" height=\"24\" viewBox=\"0 0 24 24\" version=\"1.1\" xmlns=\"http:\/\/www.w3.org\/2000\/svg\" aria-hidden=\"true\" focusable=\"false\"><path d=\"M12 2C6.5 2 2 6.5 2 12c0 5 3.7 9.1 8.4 9.9v-7H7.9V12h2.5V9.8c0-2.5 1.5-3.9 3.8-3.9 1.1 0 2.2.2 2.2.2v2.5h-1.3c-1.2 0-1.6.8-1.6 1.6V12h2.8l-.4 2.9h-2.3v7C18.3 21.1 22 17 22 12c0-5.5-4.5-10-10-10z\"><\/path><\/svg><span class=\"wp-block-social-link-label screen-reader-text\">Facebook<\/span><\/a><\/li><\/ul>\n<\/div>\n","protected":false},"excerpt":{"rendered":"<p>Toutes les photographies pr\u00e9sent\u00e9es sur le site sont \u00e0 vendre en tirages limit\u00e9s \u00e0 30 exemplaires et sign\u00e9s, contactez moi pour un tarif. Photographies non libres de droits, toute utilisation commerciale ou non doit \u00eatre soumise \u00e0 autorisation de l&#8217;auteur. Contactez nous Lucie Marvingt Vosges, France 06 07 99 39 35 lmarvingt@hotmail.fr<\/p>\n","protected":false},"author":1,"featured_media":0,"parent":0,"menu_order":0,"comment_status":"closed","ping_status":"closed","template":"","meta":{"footnotes":""},"_links":{"self":[{"href":"https:\/\/luciemarvingt.fr\/index.php\/wp-json\/wp\/v2\/pages\/110"}],"collection":[{"href":"https:\/\/luciemarvingt.fr\/index.php\/wp-json\/wp\/v2\/pages"}],"about":[{"href":"https:\/\/luciemarvingt.fr\/index.php\/wp-json\/wp\/v2\/types\/page"}],"author":[{"embeddable":true,"href":"https:\/\/luciemarvingt.fr\/index.php\/wp-json\/wp\/v2\/users\/1"}],"replies":[{"embeddable":true,"href":"https:\/\/luciemarvingt.fr\/index.php\/wp-json\/wp\/v2\/comments?post=110"}],"version-history":[{"count":8,"href":"https:\/\/luciemarvingt.fr\/index.php\/wp-json\/wp\/v2\/pages\/110\/revisions"}],"predecessor-version":[{"id":183,"href":"https:\/\/luciemarvingt.fr\/index.php\/wp-json\/wp\/v2\/pages\/110\/revisions\/183"}],"wp:attachment":[{"href":"https:\/\/luciemarvingt.fr\/index.php\/wp-json\/wp\/v2\/media?parent=110"}],"curies":[{"name":"wp","href":"https:\/\/api.w.org\/{rel}","templated":true}]}}