{"id":121,"date":"2023-09-07T11:37:22","date_gmt":"2023-09-07T09:37:22","guid":{"rendered":"https:\/\/luciemarvingt.fr\/?page_id=121"},"modified":"2023-09-22T13:00:36","modified_gmt":"2023-09-22T11:00:36","slug":"121-2","status":"publish","type":"page","link":"https:\/\/luciemarvingt.fr\/index.php\/121-2\/","title":{"rendered":"De neige de nuit"},"content":{"rendered":"<nav class=\"is-responsive items-justified-right wp-block-navigation is-content-justification-right is-layout-flex wp-container-2 wp-block-navigation-is-layout-flex\" aria-label=\"Navigation\" ><button aria-haspopup=\"true\" aria-label=\"Open menu\" class=\"wp-block-navigation__responsive-container-open \" data-micromodal-trigger=\"modal-1\" ><svg width=\"24\" height=\"24\" xmlns=\"http:\/\/www.w3.org\/2000\/svg\" viewBox=\"0 0 24 24\" aria-hidden=\"true\" focusable=\"false\"><rect x=\"4\" y=\"7.5\" width=\"16\" height=\"1.5\" \/><rect x=\"4\" y=\"15\" width=\"16\" height=\"1.5\" \/><\/svg><\/button>\n\t\t\t<div class=\"wp-block-navigation__responsive-container  \" style=\"\" id=\"modal-1\" >\n\t\t\t\t<div class=\"wp-block-navigation__responsive-close\" tabindex=\"-1\" data-micromodal-close>\n\t\t\t\t\t<div class=\"wp-block-navigation__responsive-dialog\" aria-label=\"Menu\" >\n\t\t\t\t\t\t\t<button aria-label=\"Close menu\" data-micromodal-close class=\"wp-block-navigation__responsive-container-close\" ><svg xmlns=\"http:\/\/www.w3.org\/2000\/svg\" viewBox=\"0 0 24 24\" width=\"24\" height=\"24\" aria-hidden=\"true\" focusable=\"false\"><path d=\"M13 11.8l6.1-6.3-1-1-6.1 6.2-6.1-6.2-1 1 6.1 6.3-6.5 6.7 1 1 6.5-6.6 6.5 6.6 1-1z\"><\/path><\/svg><\/button>\n\t\t\t\t\t\t<div class=\"wp-block-navigation__responsive-container-content\" id=\"modal-1-content\">\n\t\t\t\t\t\t\t<ul class=\"wp-block-navigation__container is-responsive items-justified-right wp-block-navigation\"><li class=\" wp-block-navigation-item wp-block-navigation-link\"><a class=\"wp-block-navigation-item__content\"  href=\"https:\/\/luciemarvingt.fr\/index.php\/6-2\/\"><span class=\"wp-block-navigation-item__label\">accueil<\/span><\/a><\/li><li class=\" wp-block-navigation-item has-child open-on-hover-click wp-block-navigation-submenu\"><a class=\"wp-block-navigation-item__content\" href=\"https:\/\/luciemarvingt.fr\/index.php\/37-2\/\">travaux<\/a><button aria-label=\"travaux submenu\" class=\"wp-block-navigation__submenu-icon wp-block-navigation-submenu__toggle\" aria-expanded=\"false\"><svg xmlns=\"http:\/\/www.w3.org\/2000\/svg\" width=\"12\" height=\"12\" viewBox=\"0 0 12 12\" fill=\"none\" aria-hidden=\"true\" focusable=\"false\"><path d=\"M1.50002 4L6.00002 8L10.5 4\" stroke-width=\"1.5\"><\/path><\/svg><\/button><ul class=\"wp-block-navigation__submenu-container wp-block-navigation-submenu\"><li class=\" wp-block-navigation-item wp-block-navigation-link\"><a class=\"wp-block-navigation-item__content\"  href=\"https:\/\/luciemarvingt.fr\/index.php\/37-2\/\"><span class=\"wp-block-navigation-item__label\">Affleurements<\/span><\/a><\/li><li class=\" wp-block-navigation-item wp-block-navigation-link\"><a class=\"wp-block-navigation-item__content\"  href=\"https:\/\/luciemarvingt.fr\/index.php\/50-2\/\"><span class=\"wp-block-navigation-item__label\">White<\/span><\/a><\/li><li class=\" wp-block-navigation-item wp-block-navigation-link\"><a class=\"wp-block-navigation-item__content\"  href=\"https:\/\/luciemarvingt.fr\/index.php\/121-2\/\"><span class=\"wp-block-navigation-item__label\">De neige de nuit<\/span><\/a><\/li><li class=\" wp-block-navigation-item wp-block-navigation-link\"><a class=\"wp-block-navigation-item__content\"  href=\"https:\/\/luciemarvingt.fr\/index.php\/139-2\/\"><span class=\"wp-block-navigation-item__label\">La peau<\/span><\/a><\/li><li class=\" wp-block-navigation-item wp-block-navigation-link\"><a class=\"wp-block-navigation-item__content\"  href=\"https:\/\/luciemarvingt.fr\/index.php\/21-grammes\/\"><span class=\"wp-block-navigation-item__label\">21 grammes<\/span><\/a><\/li><li class=\" wp-block-navigation-item wp-block-navigation-link\"><a class=\"wp-block-navigation-item__content\"  href=\"https:\/\/luciemarvingt.fr\/index.php\/rien-ne-soppose-a-la-nuit\/\"><span class=\"wp-block-navigation-item__label\">Rien ne s\u2019oppose \u00e0 la nuit<\/span><\/a><\/li><\/ul><\/li><li class=\" wp-block-navigation-item wp-block-navigation-link\"><a class=\"wp-block-navigation-item__content\"  href=\"https:\/\/luciemarvingt.fr\/index.php\/107-2\/\"><span class=\"wp-block-navigation-item__label\">\u00e0 propos<\/span><\/a><\/li><li class=\" wp-block-navigation-item wp-block-navigation-link\"><a class=\"wp-block-navigation-item__content\"  href=\"https:\/\/luciemarvingt.fr\/index.php\/110-2\/\"><span class=\"wp-block-navigation-item__label\">contact<\/span><\/a><\/li><\/ul>\n\t\t\t\t\t\t<\/div>\n\t\t\t\t\t<\/div>\n\t\t\t\t<\/div>\n\t\t\t<\/div><\/nav>\n\n\n<div class=\"wp-block-group has-global-padding is-layout-constrained wp-container-5 wp-block-group-is-layout-constrained\">\n<p style=\"font-size:clamp(15.747px, 0.984rem + ((1vw - 3.2px) * 0.938), 24px);\">De neige et de nuit<\/p>\n\n\n\n<p style=\"font-size:clamp(14px, 0.875rem + ((1vw - 3.2px) * 0.114), 15px);line-height:0.4\">Pays de neige, pays de nuit<\/p>\n\n\n\n<p style=\"font-size:clamp(14px, 0.875rem + ((1vw - 3.2px) * 0.114), 15px);line-height:0.4\">Laponie,<\/p>\n\n\n\n<p style=\"font-size:clamp(14px, 0.875rem + ((1vw - 3.2px) * 0.114), 15px);line-height:0.4\">Craquement feutr\u00e9 du duvet blanc<\/p>\n\n\n\n<p style=\"font-size:clamp(14px, 0.875rem + ((1vw - 3.2px) * 0.114), 15px);line-height:0.4\">Dans un silence cotonneux\u00a0.<\/p>\n\n\n\n<p style=\"font-size:clamp(14px, 0.875rem + ((1vw - 3.2px) * 0.114), 15px);line-height:0.4\">Au sein de la ville, des lumi\u00e8res chaleureuses<\/p>\n\n\n\n<p style=\"font-size:clamp(14px, 0.875rem + ((1vw - 3.2px) * 0.114), 15px);line-height:0.4\">Font des logis des refuges<\/p>\n\n\n\n<p style=\"font-size:clamp(14px, 0.875rem + ((1vw - 3.2px) * 0.114), 15px);line-height:0.4\">Au c\u0153ur d\u2019une obscurit\u00e9 enveloppante.<\/p>\n\n\n\n<p style=\"font-size:clamp(14px, 0.875rem + ((1vw - 3.2px) * 0.114), 15px);line-height:0.4\">Paysages fig\u00e9s dans la glace,<\/p>\n\n\n\n<p style=\"font-size:clamp(14px, 0.875rem + ((1vw - 3.2px) * 0.114), 15px);line-height:0.4\">L\u2019obscurit\u00e9 semble avoir annihil\u00e9 le mouvement.<\/p>\n\n\n\n<p style=\"font-size:clamp(14px, 0.875rem + ((1vw - 3.2px) * 0.114), 15px);line-height:0.4\">D\u2019un pas prudent, la b\u00eate et l\u2019homme se meuvent dans ce grand hiver<\/p>\n\n\n\n<p style=\"font-size:clamp(14px, 0.875rem + ((1vw - 3.2px) * 0.114), 15px);line-height:0.4\">Et attendent la fade clart\u00e9 arrach\u00e9e \u00e0 la nuit.<\/p>\n\n\n\n<figure class=\"wp-block-gallery has-nested-images columns-default is-cropped wp-block-gallery-3 is-layout-flex wp-block-gallery-is-layout-flex\">\n<figure class=\"wp-block-image size-large\"><img decoding=\"async\" loading=\"lazy\" width=\"1024\" height=\"1024\" src=\"https:\/\/luciemarvingt.fr\/wp-content\/uploads\/2023\/09\/1250844-nb_72-1024x1024.jpg\" alt=\"\" class=\"wp-image-122\" srcset=\"https:\/\/luciemarvingt.fr\/wp-content\/uploads\/2023\/09\/1250844-nb_72-1024x1024.jpg 1024w, https:\/\/luciemarvingt.fr\/wp-content\/uploads\/2023\/09\/1250844-nb_72-300x300.jpg 300w, https:\/\/luciemarvingt.fr\/wp-content\/uploads\/2023\/09\/1250844-nb_72-150x150.jpg 150w, https:\/\/luciemarvingt.fr\/wp-content\/uploads\/2023\/09\/1250844-nb_72-768x768.jpg 768w, https:\/\/luciemarvingt.fr\/wp-content\/uploads\/2023\/09\/1250844-nb_72.jpg 1370w\" sizes=\"(max-width: 1024px) 100vw, 1024px\" \/><\/figure>\n\n\n\n<figure class=\"wp-block-image size-large\"><img decoding=\"async\" loading=\"lazy\" width=\"1024\" height=\"1024\" src=\"https:\/\/luciemarvingt.fr\/wp-content\/uploads\/2023\/09\/1260086-copie-_72-1024x1024.jpg\" alt=\"\" class=\"wp-image-123\" srcset=\"https:\/\/luciemarvingt.fr\/wp-content\/uploads\/2023\/09\/1260086-copie-_72-1024x1024.jpg 1024w, https:\/\/luciemarvingt.fr\/wp-content\/uploads\/2023\/09\/1260086-copie-_72-300x300.jpg 300w, https:\/\/luciemarvingt.fr\/wp-content\/uploads\/2023\/09\/1260086-copie-_72-150x150.jpg 150w, https:\/\/luciemarvingt.fr\/wp-content\/uploads\/2023\/09\/1260086-copie-_72-768x768.jpg 768w, https:\/\/luciemarvingt.fr\/wp-content\/uploads\/2023\/09\/1260086-copie-_72.jpg 1034w\" sizes=\"(max-width: 1024px) 100vw, 1024px\" \/><\/figure>\n\n\n\n<figure class=\"wp-block-image size-large\"><img decoding=\"async\" loading=\"lazy\" width=\"1024\" height=\"1024\" src=\"https:\/\/luciemarvingt.fr\/wp-content\/uploads\/2023\/09\/1260092NB_72-1024x1024.jpg\" alt=\"\" class=\"wp-image-124\" srcset=\"https:\/\/luciemarvingt.fr\/wp-content\/uploads\/2023\/09\/1260092NB_72-1024x1024.jpg 1024w, https:\/\/luciemarvingt.fr\/wp-content\/uploads\/2023\/09\/1260092NB_72-300x300.jpg 300w, https:\/\/luciemarvingt.fr\/wp-content\/uploads\/2023\/09\/1260092NB_72-150x150.jpg 150w, https:\/\/luciemarvingt.fr\/wp-content\/uploads\/2023\/09\/1260092NB_72-768x768.jpg 768w, https:\/\/luciemarvingt.fr\/wp-content\/uploads\/2023\/09\/1260092NB_72-1536x1536.jpg 1536w, https:\/\/luciemarvingt.fr\/wp-content\/uploads\/2023\/09\/1260092NB_72.jpg 2000w\" sizes=\"(max-width: 1024px) 100vw, 1024px\" \/><\/figure>\n\n\n\n<figure class=\"wp-block-image size-large\"><img decoding=\"async\" loading=\"lazy\" width=\"1024\" height=\"683\" src=\"https:\/\/luciemarvingt.fr\/wp-content\/uploads\/2023\/09\/1250821v2cadr-2_72-1024x683.jpg\" alt=\"\" class=\"wp-image-125\" srcset=\"https:\/\/luciemarvingt.fr\/wp-content\/uploads\/2023\/09\/1250821v2cadr-2_72-1024x683.jpg 1024w, https:\/\/luciemarvingt.fr\/wp-content\/uploads\/2023\/09\/1250821v2cadr-2_72-300x200.jpg 300w, https:\/\/luciemarvingt.fr\/wp-content\/uploads\/2023\/09\/1250821v2cadr-2_72-768x512.jpg 768w, https:\/\/luciemarvingt.fr\/wp-content\/uploads\/2023\/09\/1250821v2cadr-2_72-1536x1025.jpg 1536w, https:\/\/luciemarvingt.fr\/wp-content\/uploads\/2023\/09\/1250821v2cadr-2_72.jpg 1550w\" sizes=\"(max-width: 1024px) 100vw, 1024px\" \/><\/figure>\n\n\n\n<figure class=\"wp-block-image size-large\"><img decoding=\"async\" loading=\"lazy\" width=\"1024\" height=\"1024\" src=\"https:\/\/luciemarvingt.fr\/wp-content\/uploads\/2023\/09\/1250827-1024x1024.jpg\" alt=\"\" class=\"wp-image-127\" srcset=\"https:\/\/luciemarvingt.fr\/wp-content\/uploads\/2023\/09\/1250827-1024x1024.jpg 1024w, https:\/\/luciemarvingt.fr\/wp-content\/uploads\/2023\/09\/1250827-300x300.jpg 300w, https:\/\/luciemarvingt.fr\/wp-content\/uploads\/2023\/09\/1250827-150x150.jpg 150w, https:\/\/luciemarvingt.fr\/wp-content\/uploads\/2023\/09\/1250827-768x768.jpg 768w, https:\/\/luciemarvingt.fr\/wp-content\/uploads\/2023\/09\/1250827-1536x1536.jpg 1536w, https:\/\/luciemarvingt.fr\/wp-content\/uploads\/2023\/09\/1250827-2048x2048.jpg 2048w\" sizes=\"(max-width: 1024px) 100vw, 1024px\" \/><\/figure>\n\n\n\n<figure class=\"wp-block-image size-large\"><img decoding=\"async\" loading=\"lazy\" width=\"1024\" height=\"1024\" src=\"https:\/\/luciemarvingt.fr\/wp-content\/uploads\/2023\/09\/1250845_72-1024x1024.jpg\" alt=\"\" class=\"wp-image-126\" srcset=\"https:\/\/luciemarvingt.fr\/wp-content\/uploads\/2023\/09\/1250845_72-1024x1024.jpg 1024w, https:\/\/luciemarvingt.fr\/wp-content\/uploads\/2023\/09\/1250845_72-300x300.jpg 300w, https:\/\/luciemarvingt.fr\/wp-content\/uploads\/2023\/09\/1250845_72-150x150.jpg 150w, https:\/\/luciemarvingt.fr\/wp-content\/uploads\/2023\/09\/1250845_72-768x768.jpg 768w, https:\/\/luciemarvingt.fr\/wp-content\/uploads\/2023\/09\/1250845_72-1536x1536.jpg 1536w, https:\/\/luciemarvingt.fr\/wp-content\/uploads\/2023\/09\/1250845_72.jpg 2000w\" sizes=\"(max-width: 1024px) 100vw, 1024px\" \/><\/figure>\n\n\n\n<figure class=\"wp-block-image size-large\"><img decoding=\"async\" loading=\"lazy\" width=\"800\" height=\"800\" src=\"https:\/\/luciemarvingt.fr\/wp-content\/uploads\/2023\/09\/1250923_72.jpg\" alt=\"\" class=\"wp-image-129\" srcset=\"https:\/\/luciemarvingt.fr\/wp-content\/uploads\/2023\/09\/1250923_72.jpg 800w, https:\/\/luciemarvingt.fr\/wp-content\/uploads\/2023\/09\/1250923_72-300x300.jpg 300w, https:\/\/luciemarvingt.fr\/wp-content\/uploads\/2023\/09\/1250923_72-150x150.jpg 150w, https:\/\/luciemarvingt.fr\/wp-content\/uploads\/2023\/09\/1250923_72-768x768.jpg 768w\" sizes=\"(max-width: 800px) 100vw, 800px\" \/><\/figure>\n\n\n\n<figure class=\"wp-block-image size-large\"><img decoding=\"async\" loading=\"lazy\" width=\"1024\" height=\"1024\" src=\"https:\/\/luciemarvingt.fr\/wp-content\/uploads\/2023\/09\/1250963-copie_72-1024x1024.jpg\" alt=\"\" class=\"wp-image-130\" srcset=\"https:\/\/luciemarvingt.fr\/wp-content\/uploads\/2023\/09\/1250963-copie_72-1024x1024.jpg 1024w, https:\/\/luciemarvingt.fr\/wp-content\/uploads\/2023\/09\/1250963-copie_72-300x300.jpg 300w, https:\/\/luciemarvingt.fr\/wp-content\/uploads\/2023\/09\/1250963-copie_72-150x150.jpg 150w, https:\/\/luciemarvingt.fr\/wp-content\/uploads\/2023\/09\/1250963-copie_72-768x768.jpg 768w, https:\/\/luciemarvingt.fr\/wp-content\/uploads\/2023\/09\/1250963-copie_72-1536x1536.jpg 1536w, https:\/\/luciemarvingt.fr\/wp-content\/uploads\/2023\/09\/1250963-copie_72.jpg 2000w\" sizes=\"(max-width: 1024px) 100vw, 1024px\" \/><\/figure>\n\n\n\n<figure class=\"wp-block-image size-large\"><img decoding=\"async\" loading=\"lazy\" width=\"775\" height=\"775\" src=\"https:\/\/luciemarvingt.fr\/wp-content\/uploads\/2023\/09\/v2-1250807_72.jpg\" alt=\"\" class=\"wp-image-128\" srcset=\"https:\/\/luciemarvingt.fr\/wp-content\/uploads\/2023\/09\/v2-1250807_72.jpg 775w, https:\/\/luciemarvingt.fr\/wp-content\/uploads\/2023\/09\/v2-1250807_72-300x300.jpg 300w, https:\/\/luciemarvingt.fr\/wp-content\/uploads\/2023\/09\/v2-1250807_72-150x150.jpg 150w, https:\/\/luciemarvingt.fr\/wp-content\/uploads\/2023\/09\/v2-1250807_72-768x768.jpg 768w\" sizes=\"(max-width: 775px) 100vw, 775px\" \/><\/figure>\n\n\n\n<figure class=\"wp-block-image size-large\"><img decoding=\"async\" loading=\"lazy\" width=\"1024\" height=\"1024\" src=\"https:\/\/luciemarvingt.fr\/wp-content\/uploads\/2023\/09\/1250830v2-1024x1024.jpg\" alt=\"\" class=\"wp-image-131\" srcset=\"https:\/\/luciemarvingt.fr\/wp-content\/uploads\/2023\/09\/1250830v2-1024x1024.jpg 1024w, https:\/\/luciemarvingt.fr\/wp-content\/uploads\/2023\/09\/1250830v2-300x300.jpg 300w, https:\/\/luciemarvingt.fr\/wp-content\/uploads\/2023\/09\/1250830v2-150x150.jpg 150w, https:\/\/luciemarvingt.fr\/wp-content\/uploads\/2023\/09\/1250830v2-768x768.jpg 768w, https:\/\/luciemarvingt.fr\/wp-content\/uploads\/2023\/09\/1250830v2-1536x1536.jpg 1536w, https:\/\/luciemarvingt.fr\/wp-content\/uploads\/2023\/09\/1250830v2-2048x2048.jpg 2048w\" sizes=\"(max-width: 1024px) 100vw, 1024px\" \/><\/figure>\n\n\n\n<figure class=\"wp-block-image size-large\"><img decoding=\"async\" loading=\"lazy\" width=\"1024\" height=\"1024\" src=\"https:\/\/luciemarvingt.fr\/wp-content\/uploads\/2023\/09\/1250851-copie-1-1024x1024.jpg\" alt=\"\" class=\"wp-image-132\" srcset=\"https:\/\/luciemarvingt.fr\/wp-content\/uploads\/2023\/09\/1250851-copie-1-1024x1024.jpg 1024w, https:\/\/luciemarvingt.fr\/wp-content\/uploads\/2023\/09\/1250851-copie-1-300x300.jpg 300w, https:\/\/luciemarvingt.fr\/wp-content\/uploads\/2023\/09\/1250851-copie-1-150x150.jpg 150w, https:\/\/luciemarvingt.fr\/wp-content\/uploads\/2023\/09\/1250851-copie-1-768x768.jpg 768w, https:\/\/luciemarvingt.fr\/wp-content\/uploads\/2023\/09\/1250851-copie-1-1536x1536.jpg 1536w, https:\/\/luciemarvingt.fr\/wp-content\/uploads\/2023\/09\/1250851-copie-1-2048x2048.jpg 2048w\" sizes=\"(max-width: 1024px) 100vw, 1024px\" \/><\/figure>\n\n\n\n<figure class=\"wp-block-image size-large\"><img decoding=\"async\" loading=\"lazy\" width=\"1024\" height=\"1024\" src=\"https:\/\/luciemarvingt.fr\/wp-content\/uploads\/2023\/09\/Lucie_MARVINGT_white_9-1-1024x1024.jpg\" alt=\"\" class=\"wp-image-133\" srcset=\"https:\/\/luciemarvingt.fr\/wp-content\/uploads\/2023\/09\/Lucie_MARVINGT_white_9-1-1024x1024.jpg 1024w, https:\/\/luciemarvingt.fr\/wp-content\/uploads\/2023\/09\/Lucie_MARVINGT_white_9-1-300x300.jpg 300w, https:\/\/luciemarvingt.fr\/wp-content\/uploads\/2023\/09\/Lucie_MARVINGT_white_9-1-150x150.jpg 150w, https:\/\/luciemarvingt.fr\/wp-content\/uploads\/2023\/09\/Lucie_MARVINGT_white_9-1-768x768.jpg 768w, https:\/\/luciemarvingt.fr\/wp-content\/uploads\/2023\/09\/Lucie_MARVINGT_white_9-1-1536x1536.jpg 1536w, https:\/\/luciemarvingt.fr\/wp-content\/uploads\/2023\/09\/Lucie_MARVINGT_white_9-1.jpg 2000w\" sizes=\"(max-width: 1024px) 100vw, 1024px\" \/><\/figure>\n<\/figure>\n<\/div>\n\n\n<nav class=\"is-responsive wp-block-navigation is-layout-flex wp-block-navigation-is-layout-flex\" aria-label=\"Navigation 2\" ><button aria-haspopup=\"true\" aria-label=\"Open menu\" class=\"wp-block-navigation__responsive-container-open \" data-micromodal-trigger=\"modal-6\" ><svg width=\"24\" height=\"24\" xmlns=\"http:\/\/www.w3.org\/2000\/svg\" viewBox=\"0 0 24 24\" aria-hidden=\"true\" focusable=\"false\"><rect x=\"4\" y=\"7.5\" width=\"16\" height=\"1.5\" \/><rect x=\"4\" y=\"15\" width=\"16\" height=\"1.5\" \/><\/svg><\/button>\n\t\t\t<div class=\"wp-block-navigation__responsive-container  \" style=\"\" id=\"modal-6\" >\n\t\t\t\t<div class=\"wp-block-navigation__responsive-close\" tabindex=\"-1\" data-micromodal-close>\n\t\t\t\t\t<div class=\"wp-block-navigation__responsive-dialog\" aria-label=\"Menu\" >\n\t\t\t\t\t\t\t<button aria-label=\"Close menu\" data-micromodal-close class=\"wp-block-navigation__responsive-container-close\" ><svg xmlns=\"http:\/\/www.w3.org\/2000\/svg\" viewBox=\"0 0 24 24\" width=\"24\" height=\"24\" aria-hidden=\"true\" focusable=\"false\"><path d=\"M13 11.8l6.1-6.3-1-1-6.1 6.2-6.1-6.2-1 1 6.1 6.3-6.5 6.7 1 1 6.5-6.6 6.5 6.6 1-1z\"><\/path><\/svg><\/button>\n\t\t\t\t\t\t<div class=\"wp-block-navigation__responsive-container-content\" id=\"modal-6-content\">\n\t\t\t\t\t\t\t<ul class=\"wp-block-navigation__container is-responsive wp-block-navigation\"><li class=\" wp-block-navigation-item wp-block-navigation-link\"><a class=\"wp-block-navigation-item__content\"  href=\"https:\/\/luciemarvingt.fr\/index.php\/6-2\/\"><span class=\"wp-block-navigation-item__label\">accueil<\/span><\/a><\/li><li class=\" wp-block-navigation-item has-child open-on-hover-click wp-block-navigation-submenu\"><a class=\"wp-block-navigation-item__content\" href=\"https:\/\/luciemarvingt.fr\/index.php\/37-2\/\">travaux<\/a><button aria-label=\"travaux submenu\" class=\"wp-block-navigation__submenu-icon wp-block-navigation-submenu__toggle\" aria-expanded=\"false\"><svg xmlns=\"http:\/\/www.w3.org\/2000\/svg\" width=\"12\" height=\"12\" viewBox=\"0 0 12 12\" fill=\"none\" aria-hidden=\"true\" focusable=\"false\"><path d=\"M1.50002 4L6.00002 8L10.5 4\" stroke-width=\"1.5\"><\/path><\/svg><\/button><ul class=\"wp-block-navigation__submenu-container wp-block-navigation-submenu\"><li class=\" wp-block-navigation-item wp-block-navigation-link\"><a class=\"wp-block-navigation-item__content\"  href=\"https:\/\/luciemarvingt.fr\/index.php\/37-2\/\"><span class=\"wp-block-navigation-item__label\">Affleurements<\/span><\/a><\/li><li class=\" wp-block-navigation-item wp-block-navigation-link\"><a class=\"wp-block-navigation-item__content\"  href=\"https:\/\/luciemarvingt.fr\/index.php\/50-2\/\"><span class=\"wp-block-navigation-item__label\">White<\/span><\/a><\/li><li class=\" wp-block-navigation-item wp-block-navigation-link\"><a class=\"wp-block-navigation-item__content\"  href=\"https:\/\/luciemarvingt.fr\/index.php\/121-2\/\"><span class=\"wp-block-navigation-item__label\">De neige de nuit<\/span><\/a><\/li><li class=\" wp-block-navigation-item wp-block-navigation-link\"><a class=\"wp-block-navigation-item__content\"  href=\"https:\/\/luciemarvingt.fr\/index.php\/139-2\/\"><span class=\"wp-block-navigation-item__label\">La peau<\/span><\/a><\/li><li class=\" wp-block-navigation-item wp-block-navigation-link\"><a class=\"wp-block-navigation-item__content\"  href=\"https:\/\/luciemarvingt.fr\/index.php\/21-grammes\/\"><span class=\"wp-block-navigation-item__label\">21 grammes<\/span><\/a><\/li><li class=\" wp-block-navigation-item wp-block-navigation-link\"><a class=\"wp-block-navigation-item__content\"  href=\"https:\/\/luciemarvingt.fr\/index.php\/rien-ne-soppose-a-la-nuit\/\"><span class=\"wp-block-navigation-item__label\">Rien ne s\u2019oppose \u00e0 la nuit<\/span><\/a><\/li><\/ul><\/li><li class=\" wp-block-navigation-item wp-block-navigation-link\"><a class=\"wp-block-navigation-item__content\"  href=\"https:\/\/luciemarvingt.fr\/index.php\/107-2\/\"><span class=\"wp-block-navigation-item__label\">\u00e0 propos<\/span><\/a><\/li><li class=\" wp-block-navigation-item wp-block-navigation-link\"><a class=\"wp-block-navigation-item__content\"  href=\"https:\/\/luciemarvingt.fr\/index.php\/110-2\/\"><span class=\"wp-block-navigation-item__label\">contact<\/span><\/a><\/li><\/ul>\n\t\t\t\t\t\t<\/div>\n\t\t\t\t\t<\/div>\n\t\t\t\t<\/div>\n\t\t\t<\/div><\/nav>","protected":false},"excerpt":{"rendered":"<p>De neige et de nuit Pays de neige, pays de nuit Laponie, Craquement feutr\u00e9 du duvet blanc Dans un silence cotonneux\u00a0. Au sein de la ville, des lumi\u00e8res chaleureuses Font des logis des refuges Au c\u0153ur d\u2019une obscurit\u00e9 enveloppante. Paysages fig\u00e9s dans la glace, L\u2019obscurit\u00e9 semble avoir annihil\u00e9 le mouvement. D\u2019un pas prudent, la b\u00eate [&hellip;]<\/p>\n","protected":false},"author":1,"featured_media":0,"parent":0,"menu_order":0,"comment_status":"closed","ping_status":"closed","template":"","meta":{"footnotes":""},"_links":{"self":[{"href":"https:\/\/luciemarvingt.fr\/index.php\/wp-json\/wp\/v2\/pages\/121"}],"collection":[{"href":"https:\/\/luciemarvingt.fr\/index.php\/wp-json\/wp\/v2\/pages"}],"about":[{"href":"https:\/\/luciemarvingt.fr\/index.php\/wp-json\/wp\/v2\/types\/page"}],"author":[{"embeddable":true,"href":"https:\/\/luciemarvingt.fr\/index.php\/wp-json\/wp\/v2\/users\/1"}],"replies":[{"embeddable":true,"href":"https:\/\/luciemarvingt.fr\/index.php\/wp-json\/wp\/v2\/comments?post=121"}],"version-history":[{"count":8,"href":"https:\/\/luciemarvingt.fr\/index.php\/wp-json\/wp\/v2\/pages\/121\/revisions"}],"predecessor-version":[{"id":160,"href":"https:\/\/luciemarvingt.fr\/index.php\/wp-json\/wp\/v2\/pages\/121\/revisions\/160"}],"wp:attachment":[{"href":"https:\/\/luciemarvingt.fr\/index.php\/wp-json\/wp\/v2\/media?parent=121"}],"curies":[{"name":"wp","href":"https:\/\/api.w.org\/{rel}","templated":true}]}}