{"id":37,"date":"2023-09-05T18:44:31","date_gmt":"2023-09-05T16:44:31","guid":{"rendered":"https:\/\/luciemarvingt.fr\/?page_id=37"},"modified":"2023-09-06T22:42:08","modified_gmt":"2023-09-06T20:42:08","slug":"37-2","status":"publish","type":"page","link":"https:\/\/luciemarvingt.fr\/index.php\/37-2\/","title":{"rendered":"Affleurements"},"content":{"rendered":"<nav class=\"is-responsive items-justified-right wp-block-navigation is-content-justification-right is-layout-flex wp-container-2 wp-block-navigation-is-layout-flex\" aria-label=\"Navigation\" ><button aria-haspopup=\"true\" aria-label=\"Open menu\" class=\"wp-block-navigation__responsive-container-open \" data-micromodal-trigger=\"modal-1\" ><svg width=\"24\" height=\"24\" xmlns=\"http:\/\/www.w3.org\/2000\/svg\" viewBox=\"0 0 24 24\" aria-hidden=\"true\" focusable=\"false\"><rect x=\"4\" y=\"7.5\" width=\"16\" height=\"1.5\" \/><rect x=\"4\" y=\"15\" width=\"16\" height=\"1.5\" \/><\/svg><\/button>\n\t\t\t<div class=\"wp-block-navigation__responsive-container  \" style=\"\" id=\"modal-1\" >\n\t\t\t\t<div class=\"wp-block-navigation__responsive-close\" tabindex=\"-1\" data-micromodal-close>\n\t\t\t\t\t<div class=\"wp-block-navigation__responsive-dialog\" aria-label=\"Menu\" >\n\t\t\t\t\t\t\t<button aria-label=\"Close menu\" data-micromodal-close class=\"wp-block-navigation__responsive-container-close\" ><svg xmlns=\"http:\/\/www.w3.org\/2000\/svg\" viewBox=\"0 0 24 24\" width=\"24\" height=\"24\" aria-hidden=\"true\" focusable=\"false\"><path d=\"M13 11.8l6.1-6.3-1-1-6.1 6.2-6.1-6.2-1 1 6.1 6.3-6.5 6.7 1 1 6.5-6.6 6.5 6.6 1-1z\"><\/path><\/svg><\/button>\n\t\t\t\t\t\t<div class=\"wp-block-navigation__responsive-container-content\" id=\"modal-1-content\">\n\t\t\t\t\t\t\t<ul class=\"wp-block-navigation__container is-responsive items-justified-right wp-block-navigation\"><li class=\" wp-block-navigation-item wp-block-navigation-link\"><a class=\"wp-block-navigation-item__content\"  href=\"https:\/\/luciemarvingt.fr\/index.php\/6-2\/\"><span class=\"wp-block-navigation-item__label\">accueil<\/span><\/a><\/li><li class=\" wp-block-navigation-item has-child open-on-hover-click wp-block-navigation-submenu\"><a class=\"wp-block-navigation-item__content\" href=\"https:\/\/luciemarvingt.fr\/index.php\/37-2\/\">travaux<\/a><button aria-label=\"travaux submenu\" class=\"wp-block-navigation__submenu-icon wp-block-navigation-submenu__toggle\" aria-expanded=\"false\"><svg xmlns=\"http:\/\/www.w3.org\/2000\/svg\" width=\"12\" height=\"12\" viewBox=\"0 0 12 12\" fill=\"none\" aria-hidden=\"true\" focusable=\"false\"><path d=\"M1.50002 4L6.00002 8L10.5 4\" stroke-width=\"1.5\"><\/path><\/svg><\/button><ul class=\"wp-block-navigation__submenu-container wp-block-navigation-submenu\"><li class=\" wp-block-navigation-item wp-block-navigation-link\"><a class=\"wp-block-navigation-item__content\"  href=\"https:\/\/luciemarvingt.fr\/index.php\/37-2\/\"><span class=\"wp-block-navigation-item__label\">Affleurements<\/span><\/a><\/li><li class=\" wp-block-navigation-item wp-block-navigation-link\"><a class=\"wp-block-navigation-item__content\"  href=\"https:\/\/luciemarvingt.fr\/index.php\/50-2\/\"><span class=\"wp-block-navigation-item__label\">White<\/span><\/a><\/li><li class=\" wp-block-navigation-item wp-block-navigation-link\"><a class=\"wp-block-navigation-item__content\"  href=\"https:\/\/luciemarvingt.fr\/index.php\/121-2\/\"><span class=\"wp-block-navigation-item__label\">De neige de nuit<\/span><\/a><\/li><li class=\" wp-block-navigation-item wp-block-navigation-link\"><a class=\"wp-block-navigation-item__content\"  href=\"https:\/\/luciemarvingt.fr\/index.php\/139-2\/\"><span class=\"wp-block-navigation-item__label\">La peau<\/span><\/a><\/li><li class=\" wp-block-navigation-item wp-block-navigation-link\"><a class=\"wp-block-navigation-item__content\"  href=\"https:\/\/luciemarvingt.fr\/index.php\/21-grammes\/\"><span class=\"wp-block-navigation-item__label\">21 grammes<\/span><\/a><\/li><li class=\" wp-block-navigation-item wp-block-navigation-link\"><a class=\"wp-block-navigation-item__content\"  href=\"https:\/\/luciemarvingt.fr\/index.php\/rien-ne-soppose-a-la-nuit\/\"><span class=\"wp-block-navigation-item__label\">Rien ne s\u2019oppose \u00e0 la nuit<\/span><\/a><\/li><\/ul><\/li><li class=\" wp-block-navigation-item wp-block-navigation-link\"><a class=\"wp-block-navigation-item__content\"  href=\"https:\/\/luciemarvingt.fr\/index.php\/107-2\/\"><span class=\"wp-block-navigation-item__label\">\u00e0 propos<\/span><\/a><\/li><li class=\" wp-block-navigation-item wp-block-navigation-link\"><a class=\"wp-block-navigation-item__content\"  href=\"https:\/\/luciemarvingt.fr\/index.php\/110-2\/\"><span class=\"wp-block-navigation-item__label\">contact<\/span><\/a><\/li><\/ul>\n\t\t\t\t\t\t<\/div>\n\t\t\t\t\t<\/div>\n\t\t\t\t<\/div>\n\t\t\t<\/div><\/nav>\n\n\n<p style=\"font-size:clamp(1.092rem, 1.092rem + ((1vw - 0.2rem) * 1.105), 1.7rem);\">Affleurements<\/p>\n\n\n\n<p class=\"has-small-font-size\">Affleurement&nbsp;: toute chose qui tend vers une surface et \u00e9merge d\u00e9licatement. Se dit de la mati\u00e8re comme des sentiments.<\/p>\n\n\n\n<p class=\"has-small-font-size\">Sugg\u00e9rant le toucher,&nbsp; ces \u00ab&nbsp;affleurements&nbsp;\u00bb font \u00e9cho \u00e0 cette relation, proche de la caresse, que je tisse avec mes sujets lors de la prise de vue avec le moins de zoom possible. &nbsp;<br>Les textures animales trouvent \u00e9cho dans les plis et cassures des paysages de sel des carri\u00e8res de Salin de Giraud.<\/p>\n\n\n\n<p class=\"has-small-font-size\">La blancheur laiteuse des images conf\u00e8re \u00e0 l\u2019ensemble une gamme chromatique commune baign\u00e9e par une douce lumi\u00e8re hivernale.<\/p>\n\n\n\n<p class=\"has-small-font-size\">Fleur de sel&#8230;&#8230;&#8230;.Effleurer&#8230;&#8230;..Fleur de peau&#8230;&#8230;..Affleurement.<\/p>\n\n\n\n<figure class=\"wp-block-gallery has-nested-images columns-default is-cropped wp-block-gallery-3 is-layout-flex wp-block-gallery-is-layout-flex\">\n<figure class=\"wp-block-image size-large\"><img decoding=\"async\" loading=\"lazy\" width=\"1024\" height=\"682\" data-id=\"38\" src=\"https:\/\/luciemarvingt.fr\/wp-content\/uploads\/2023\/09\/Lucie_MARVINGT_Affleurements-2-1024x682.jpg\" alt=\"\" class=\"wp-image-38\" srcset=\"https:\/\/luciemarvingt.fr\/wp-content\/uploads\/2023\/09\/Lucie_MARVINGT_Affleurements-2-1024x682.jpg 1024w, https:\/\/luciemarvingt.fr\/wp-content\/uploads\/2023\/09\/Lucie_MARVINGT_Affleurements-2-300x200.jpg 300w, https:\/\/luciemarvingt.fr\/wp-content\/uploads\/2023\/09\/Lucie_MARVINGT_Affleurements-2-768x512.jpg 768w, https:\/\/luciemarvingt.fr\/wp-content\/uploads\/2023\/09\/Lucie_MARVINGT_Affleurements-2.jpg 1276w\" sizes=\"(max-width: 1024px) 100vw, 1024px\" \/><\/figure>\n\n\n\n<figure class=\"wp-block-image size-large\"><img decoding=\"async\" loading=\"lazy\" width=\"1024\" height=\"682\" data-id=\"41\" src=\"https:\/\/luciemarvingt.fr\/wp-content\/uploads\/2023\/09\/Lucie_MARVINGT_Affleurements-5-1-1024x682.jpg\" alt=\"\" class=\"wp-image-41\" srcset=\"https:\/\/luciemarvingt.fr\/wp-content\/uploads\/2023\/09\/Lucie_MARVINGT_Affleurements-5-1-1024x682.jpg 1024w, https:\/\/luciemarvingt.fr\/wp-content\/uploads\/2023\/09\/Lucie_MARVINGT_Affleurements-5-1-300x200.jpg 300w, https:\/\/luciemarvingt.fr\/wp-content\/uploads\/2023\/09\/Lucie_MARVINGT_Affleurements-5-1-768x512.jpg 768w, https:\/\/luciemarvingt.fr\/wp-content\/uploads\/2023\/09\/Lucie_MARVINGT_Affleurements-5-1-1536x1024.jpg 1536w, https:\/\/luciemarvingt.fr\/wp-content\/uploads\/2023\/09\/Lucie_MARVINGT_Affleurements-5-1.jpg 2000w\" sizes=\"(max-width: 1024px) 100vw, 1024px\" \/><\/figure>\n\n\n\n<figure class=\"wp-block-image size-large\"><img decoding=\"async\" loading=\"lazy\" width=\"1024\" height=\"682\" data-id=\"42\" src=\"https:\/\/luciemarvingt.fr\/wp-content\/uploads\/2023\/09\/Lucie_MARVINGT_Affleurements-6-1024x682.jpg\" alt=\"\" class=\"wp-image-42\" srcset=\"https:\/\/luciemarvingt.fr\/wp-content\/uploads\/2023\/09\/Lucie_MARVINGT_Affleurements-6-1024x682.jpg 1024w, https:\/\/luciemarvingt.fr\/wp-content\/uploads\/2023\/09\/Lucie_MARVINGT_Affleurements-6-300x200.jpg 300w, https:\/\/luciemarvingt.fr\/wp-content\/uploads\/2023\/09\/Lucie_MARVINGT_Affleurements-6-768x512.jpg 768w, https:\/\/luciemarvingt.fr\/wp-content\/uploads\/2023\/09\/Lucie_MARVINGT_Affleurements-6-1536x1024.jpg 1536w, https:\/\/luciemarvingt.fr\/wp-content\/uploads\/2023\/09\/Lucie_MARVINGT_Affleurements-6.jpg 2000w\" sizes=\"(max-width: 1024px) 100vw, 1024px\" \/><\/figure>\n\n\n\n<figure class=\"wp-block-image size-large\"><img decoding=\"async\" loading=\"lazy\" width=\"1024\" height=\"682\" data-id=\"39\" src=\"https:\/\/luciemarvingt.fr\/wp-content\/uploads\/2023\/09\/Lucie_MARVINGT_Affleurements-7-1024x682.jpg\" alt=\"\" class=\"wp-image-39\" srcset=\"https:\/\/luciemarvingt.fr\/wp-content\/uploads\/2023\/09\/Lucie_MARVINGT_Affleurements-7-1024x682.jpg 1024w, https:\/\/luciemarvingt.fr\/wp-content\/uploads\/2023\/09\/Lucie_MARVINGT_Affleurements-7-300x200.jpg 300w, https:\/\/luciemarvingt.fr\/wp-content\/uploads\/2023\/09\/Lucie_MARVINGT_Affleurements-7-768x512.jpg 768w, https:\/\/luciemarvingt.fr\/wp-content\/uploads\/2023\/09\/Lucie_MARVINGT_Affleurements-7-1536x1024.jpg 1536w, https:\/\/luciemarvingt.fr\/wp-content\/uploads\/2023\/09\/Lucie_MARVINGT_Affleurements-7.jpg 2000w\" sizes=\"(max-width: 1024px) 100vw, 1024px\" \/><\/figure>\n\n\n\n<figure class=\"wp-block-image size-large\"><img decoding=\"async\" loading=\"lazy\" width=\"1024\" height=\"682\" data-id=\"40\" src=\"https:\/\/luciemarvingt.fr\/wp-content\/uploads\/2023\/09\/Lucie_MARVINGT_Affleurements-8-2-1024x682.jpg\" alt=\"\" class=\"wp-image-40\" srcset=\"https:\/\/luciemarvingt.fr\/wp-content\/uploads\/2023\/09\/Lucie_MARVINGT_Affleurements-8-2-1024x682.jpg 1024w, https:\/\/luciemarvingt.fr\/wp-content\/uploads\/2023\/09\/Lucie_MARVINGT_Affleurements-8-2-300x200.jpg 300w, https:\/\/luciemarvingt.fr\/wp-content\/uploads\/2023\/09\/Lucie_MARVINGT_Affleurements-8-2-768x512.jpg 768w, https:\/\/luciemarvingt.fr\/wp-content\/uploads\/2023\/09\/Lucie_MARVINGT_Affleurements-8-2-1536x1024.jpg 1536w, https:\/\/luciemarvingt.fr\/wp-content\/uploads\/2023\/09\/Lucie_MARVINGT_Affleurements-8-2.jpg 2000w\" sizes=\"(max-width: 1024px) 100vw, 1024px\" \/><\/figure>\n\n\n\n<figure class=\"wp-block-image size-large\"><img decoding=\"async\" loading=\"lazy\" width=\"1024\" height=\"682\" data-id=\"43\" src=\"https:\/\/luciemarvingt.fr\/wp-content\/uploads\/2023\/09\/Lucie_MARVINGT_Affleurements-9-1024x682.jpg\" alt=\"\" class=\"wp-image-43\" srcset=\"https:\/\/luciemarvingt.fr\/wp-content\/uploads\/2023\/09\/Lucie_MARVINGT_Affleurements-9-1024x682.jpg 1024w, https:\/\/luciemarvingt.fr\/wp-content\/uploads\/2023\/09\/Lucie_MARVINGT_Affleurements-9-300x200.jpg 300w, https:\/\/luciemarvingt.fr\/wp-content\/uploads\/2023\/09\/Lucie_MARVINGT_Affleurements-9-768x512.jpg 768w, https:\/\/luciemarvingt.fr\/wp-content\/uploads\/2023\/09\/Lucie_MARVINGT_Affleurements-9-1536x1024.jpg 1536w, https:\/\/luciemarvingt.fr\/wp-content\/uploads\/2023\/09\/Lucie_MARVINGT_Affleurements-9.jpg 2000w\" sizes=\"(max-width: 1024px) 100vw, 1024px\" \/><\/figure>\n\n\n\n<figure class=\"wp-block-image size-large\"><img decoding=\"async\" loading=\"lazy\" width=\"1024\" height=\"682\" data-id=\"45\" src=\"https:\/\/luciemarvingt.fr\/wp-content\/uploads\/2023\/09\/Lucie_MARVINGT_Affleurements-1-1024x682.jpg\" alt=\"\" class=\"wp-image-45\" srcset=\"https:\/\/luciemarvingt.fr\/wp-content\/uploads\/2023\/09\/Lucie_MARVINGT_Affleurements-1-1024x682.jpg 1024w, https:\/\/luciemarvingt.fr\/wp-content\/uploads\/2023\/09\/Lucie_MARVINGT_Affleurements-1-300x200.jpg 300w, https:\/\/luciemarvingt.fr\/wp-content\/uploads\/2023\/09\/Lucie_MARVINGT_Affleurements-1-768x512.jpg 768w, https:\/\/luciemarvingt.fr\/wp-content\/uploads\/2023\/09\/Lucie_MARVINGT_Affleurements-1-1536x1024.jpg 1536w, https:\/\/luciemarvingt.fr\/wp-content\/uploads\/2023\/09\/Lucie_MARVINGT_Affleurements-1.jpg 2000w\" sizes=\"(max-width: 1024px) 100vw, 1024px\" \/><\/figure>\n\n\n\n<figure class=\"wp-block-image size-large\"><img decoding=\"async\" loading=\"lazy\" width=\"1024\" height=\"682\" data-id=\"48\" src=\"https:\/\/luciemarvingt.fr\/wp-content\/uploads\/2023\/09\/Lucie_MARVINGT_Affleurements-4-1024x682.jpg\" alt=\"\" class=\"wp-image-48\" srcset=\"https:\/\/luciemarvingt.fr\/wp-content\/uploads\/2023\/09\/Lucie_MARVINGT_Affleurements-4-1024x682.jpg 1024w, https:\/\/luciemarvingt.fr\/wp-content\/uploads\/2023\/09\/Lucie_MARVINGT_Affleurements-4-300x200.jpg 300w, https:\/\/luciemarvingt.fr\/wp-content\/uploads\/2023\/09\/Lucie_MARVINGT_Affleurements-4-768x512.jpg 768w, https:\/\/luciemarvingt.fr\/wp-content\/uploads\/2023\/09\/Lucie_MARVINGT_Affleurements-4-1536x1024.jpg 1536w, https:\/\/luciemarvingt.fr\/wp-content\/uploads\/2023\/09\/Lucie_MARVINGT_Affleurements-4.jpg 2000w\" sizes=\"(max-width: 1024px) 100vw, 1024px\" \/><\/figure>\n\n\n\n<figure class=\"wp-block-image size-large\"><img decoding=\"async\" loading=\"lazy\" width=\"1024\" height=\"682\" data-id=\"47\" src=\"https:\/\/luciemarvingt.fr\/wp-content\/uploads\/2023\/09\/Lucie_MARVINGT_Affleurements-13-1024x682.jpg\" alt=\"\" class=\"wp-image-47\" srcset=\"https:\/\/luciemarvingt.fr\/wp-content\/uploads\/2023\/09\/Lucie_MARVINGT_Affleurements-13-1024x682.jpg 1024w, https:\/\/luciemarvingt.fr\/wp-content\/uploads\/2023\/09\/Lucie_MARVINGT_Affleurements-13-300x200.jpg 300w, https:\/\/luciemarvingt.fr\/wp-content\/uploads\/2023\/09\/Lucie_MARVINGT_Affleurements-13-768x512.jpg 768w, https:\/\/luciemarvingt.fr\/wp-content\/uploads\/2023\/09\/Lucie_MARVINGT_Affleurements-13-1536x1024.jpg 1536w, https:\/\/luciemarvingt.fr\/wp-content\/uploads\/2023\/09\/Lucie_MARVINGT_Affleurements-13.jpg 2000w\" sizes=\"(max-width: 1024px) 100vw, 1024px\" \/><\/figure>\n<\/figure>\n\n\n\n<figure class=\"wp-block-gallery has-nested-images columns-default wp-block-gallery-5 is-layout-flex wp-block-gallery-is-layout-flex\">\n<figure class=\"wp-block-image size-large\"><img decoding=\"async\" loading=\"lazy\" width=\"1024\" height=\"683\" data-id=\"83\" src=\"https:\/\/luciemarvingt.fr\/wp-content\/uploads\/2023\/09\/DSCF0425-copie-1024x683.jpg\" alt=\"\" class=\"wp-image-83\" srcset=\"https:\/\/luciemarvingt.fr\/wp-content\/uploads\/2023\/09\/DSCF0425-copie-1024x683.jpg 1024w, https:\/\/luciemarvingt.fr\/wp-content\/uploads\/2023\/09\/DSCF0425-copie-300x200.jpg 300w, https:\/\/luciemarvingt.fr\/wp-content\/uploads\/2023\/09\/DSCF0425-copie-768x512.jpg 768w, https:\/\/luciemarvingt.fr\/wp-content\/uploads\/2023\/09\/DSCF0425-copie-1536x1024.jpg 1536w, https:\/\/luciemarvingt.fr\/wp-content\/uploads\/2023\/09\/DSCF0425-copie-2048x1365.jpg 2048w\" sizes=\"(max-width: 1024px) 100vw, 1024px\" \/><\/figure>\n\n\n\n<figure class=\"wp-block-image size-large\"><img decoding=\"async\" loading=\"lazy\" width=\"1024\" height=\"683\" data-id=\"86\" src=\"https:\/\/luciemarvingt.fr\/wp-content\/uploads\/2023\/09\/DSCF0399-1024x683.jpg\" alt=\"\" class=\"wp-image-86\" srcset=\"https:\/\/luciemarvingt.fr\/wp-content\/uploads\/2023\/09\/DSCF0399-1024x683.jpg 1024w, https:\/\/luciemarvingt.fr\/wp-content\/uploads\/2023\/09\/DSCF0399-300x200.jpg 300w, https:\/\/luciemarvingt.fr\/wp-content\/uploads\/2023\/09\/DSCF0399-768x512.jpg 768w, https:\/\/luciemarvingt.fr\/wp-content\/uploads\/2023\/09\/DSCF0399-1536x1024.jpg 1536w, https:\/\/luciemarvingt.fr\/wp-content\/uploads\/2023\/09\/DSCF0399-2048x1365.jpg 2048w\" sizes=\"(max-width: 1024px) 100vw, 1024px\" \/><\/figure>\n\n\n\n<figure class=\"wp-block-image size-large\"><img decoding=\"async\" loading=\"lazy\" width=\"1024\" height=\"683\" data-id=\"85\" src=\"https:\/\/luciemarvingt.fr\/wp-content\/uploads\/2023\/09\/DSCF0459-1-1024x683.jpg\" alt=\"\" class=\"wp-image-85\" srcset=\"https:\/\/luciemarvingt.fr\/wp-content\/uploads\/2023\/09\/DSCF0459-1-1024x683.jpg 1024w, https:\/\/luciemarvingt.fr\/wp-content\/uploads\/2023\/09\/DSCF0459-1-300x200.jpg 300w, https:\/\/luciemarvingt.fr\/wp-content\/uploads\/2023\/09\/DSCF0459-1-768x512.jpg 768w, https:\/\/luciemarvingt.fr\/wp-content\/uploads\/2023\/09\/DSCF0459-1-1536x1024.jpg 1536w, https:\/\/luciemarvingt.fr\/wp-content\/uploads\/2023\/09\/DSCF0459-1-2048x1365.jpg 2048w\" sizes=\"(max-width: 1024px) 100vw, 1024px\" \/><\/figure>\n<\/figure>\n\n\n<nav class=\"is-responsive wp-block-navigation is-layout-flex wp-block-navigation-is-layout-flex\" aria-label=\"Navigation 2\" ><button aria-haspopup=\"true\" aria-label=\"Open menu\" class=\"wp-block-navigation__responsive-container-open \" data-micromodal-trigger=\"modal-7\" ><svg width=\"24\" height=\"24\" xmlns=\"http:\/\/www.w3.org\/2000\/svg\" viewBox=\"0 0 24 24\" aria-hidden=\"true\" focusable=\"false\"><rect x=\"4\" y=\"7.5\" width=\"16\" height=\"1.5\" \/><rect x=\"4\" y=\"15\" width=\"16\" height=\"1.5\" \/><\/svg><\/button>\n\t\t\t<div class=\"wp-block-navigation__responsive-container  \" style=\"\" id=\"modal-7\" >\n\t\t\t\t<div class=\"wp-block-navigation__responsive-close\" tabindex=\"-1\" data-micromodal-close>\n\t\t\t\t\t<div class=\"wp-block-navigation__responsive-dialog\" aria-label=\"Menu\" >\n\t\t\t\t\t\t\t<button aria-label=\"Close menu\" data-micromodal-close class=\"wp-block-navigation__responsive-container-close\" ><svg xmlns=\"http:\/\/www.w3.org\/2000\/svg\" viewBox=\"0 0 24 24\" width=\"24\" height=\"24\" aria-hidden=\"true\" focusable=\"false\"><path d=\"M13 11.8l6.1-6.3-1-1-6.1 6.2-6.1-6.2-1 1 6.1 6.3-6.5 6.7 1 1 6.5-6.6 6.5 6.6 1-1z\"><\/path><\/svg><\/button>\n\t\t\t\t\t\t<div class=\"wp-block-navigation__responsive-container-content\" id=\"modal-7-content\">\n\t\t\t\t\t\t\t<ul class=\"wp-block-navigation__container is-responsive wp-block-navigation\"><li class=\" wp-block-navigation-item wp-block-navigation-link\"><a class=\"wp-block-navigation-item__content\"  href=\"https:\/\/luciemarvingt.fr\/index.php\/6-2\/\"><span class=\"wp-block-navigation-item__label\">accueil<\/span><\/a><\/li><li class=\" wp-block-navigation-item has-child open-on-hover-click wp-block-navigation-submenu\"><a class=\"wp-block-navigation-item__content\" href=\"https:\/\/luciemarvingt.fr\/index.php\/37-2\/\">travaux<\/a><button aria-label=\"travaux submenu\" class=\"wp-block-navigation__submenu-icon wp-block-navigation-submenu__toggle\" aria-expanded=\"false\"><svg xmlns=\"http:\/\/www.w3.org\/2000\/svg\" width=\"12\" height=\"12\" viewBox=\"0 0 12 12\" fill=\"none\" aria-hidden=\"true\" focusable=\"false\"><path d=\"M1.50002 4L6.00002 8L10.5 4\" stroke-width=\"1.5\"><\/path><\/svg><\/button><ul class=\"wp-block-navigation__submenu-container wp-block-navigation-submenu\"><li class=\" wp-block-navigation-item wp-block-navigation-link\"><a class=\"wp-block-navigation-item__content\"  href=\"https:\/\/luciemarvingt.fr\/index.php\/37-2\/\"><span class=\"wp-block-navigation-item__label\">Affleurements<\/span><\/a><\/li><li class=\" wp-block-navigation-item wp-block-navigation-link\"><a class=\"wp-block-navigation-item__content\"  href=\"https:\/\/luciemarvingt.fr\/index.php\/50-2\/\"><span class=\"wp-block-navigation-item__label\">White<\/span><\/a><\/li><li class=\" wp-block-navigation-item wp-block-navigation-link\"><a class=\"wp-block-navigation-item__content\"  href=\"https:\/\/luciemarvingt.fr\/index.php\/121-2\/\"><span class=\"wp-block-navigation-item__label\">De neige de nuit<\/span><\/a><\/li><li class=\" wp-block-navigation-item wp-block-navigation-link\"><a class=\"wp-block-navigation-item__content\"  href=\"https:\/\/luciemarvingt.fr\/index.php\/139-2\/\"><span class=\"wp-block-navigation-item__label\">La peau<\/span><\/a><\/li><li class=\" wp-block-navigation-item wp-block-navigation-link\"><a class=\"wp-block-navigation-item__content\"  href=\"https:\/\/luciemarvingt.fr\/index.php\/21-grammes\/\"><span class=\"wp-block-navigation-item__label\">21 grammes<\/span><\/a><\/li><li class=\" wp-block-navigation-item wp-block-navigation-link\"><a class=\"wp-block-navigation-item__content\"  href=\"https:\/\/luciemarvingt.fr\/index.php\/rien-ne-soppose-a-la-nuit\/\"><span class=\"wp-block-navigation-item__label\">Rien ne s\u2019oppose \u00e0 la nuit<\/span><\/a><\/li><\/ul><\/li><li class=\" wp-block-navigation-item wp-block-navigation-link\"><a class=\"wp-block-navigation-item__content\"  href=\"https:\/\/luciemarvingt.fr\/index.php\/107-2\/\"><span class=\"wp-block-navigation-item__label\">\u00e0 propos<\/span><\/a><\/li><li class=\" wp-block-navigation-item wp-block-navigation-link\"><a class=\"wp-block-navigation-item__content\"  href=\"https:\/\/luciemarvingt.fr\/index.php\/110-2\/\"><span class=\"wp-block-navigation-item__label\">contact<\/span><\/a><\/li><\/ul>\n\t\t\t\t\t\t<\/div>\n\t\t\t\t\t<\/div>\n\t\t\t\t<\/div>\n\t\t\t<\/div><\/nav>","protected":false},"excerpt":{"rendered":"<p>Affleurements Affleurement&nbsp;: toute chose qui tend vers une surface et \u00e9merge d\u00e9licatement. Se dit de la mati\u00e8re comme des sentiments. Sugg\u00e9rant le toucher,&nbsp; ces \u00ab&nbsp;affleurements&nbsp;\u00bb font \u00e9cho \u00e0 cette relation, proche de la caresse, que je tisse avec mes sujets lors de la prise de vue avec le moins de zoom possible. &nbsp;Les textures animales [&hellip;]<\/p>\n","protected":false},"author":1,"featured_media":0,"parent":0,"menu_order":0,"comment_status":"closed","ping_status":"closed","template":"blank","meta":{"footnotes":""},"_links":{"self":[{"href":"https:\/\/luciemarvingt.fr\/index.php\/wp-json\/wp\/v2\/pages\/37"}],"collection":[{"href":"https:\/\/luciemarvingt.fr\/index.php\/wp-json\/wp\/v2\/pages"}],"about":[{"href":"https:\/\/luciemarvingt.fr\/index.php\/wp-json\/wp\/v2\/types\/page"}],"author":[{"embeddable":true,"href":"https:\/\/luciemarvingt.fr\/index.php\/wp-json\/wp\/v2\/users\/1"}],"replies":[{"embeddable":true,"href":"https:\/\/luciemarvingt.fr\/index.php\/wp-json\/wp\/v2\/comments?post=37"}],"version-history":[{"count":10,"href":"https:\/\/luciemarvingt.fr\/index.php\/wp-json\/wp\/v2\/pages\/37\/revisions"}],"predecessor-version":[{"id":188,"href":"https:\/\/luciemarvingt.fr\/index.php\/wp-json\/wp\/v2\/pages\/37\/revisions\/188"}],"wp:attachment":[{"href":"https:\/\/luciemarvingt.fr\/index.php\/wp-json\/wp\/v2\/media?parent=37"}],"curies":[{"name":"wp","href":"https:\/\/api.w.org\/{rel}","templated":true}]}}