{"id":50,"date":"2023-09-05T19:03:33","date_gmt":"2023-09-05T17:03:33","guid":{"rendered":"https:\/\/luciemarvingt.fr\/?page_id=50"},"modified":"2025-03-22T19:58:45","modified_gmt":"2025-03-22T18:58:45","slug":"50-2","status":"publish","type":"page","link":"https:\/\/luciemarvingt.fr\/index.php\/50-2\/","title":{"rendered":"White"},"content":{"rendered":"<nav class=\"is-responsive items-justified-right wp-block-navigation is-content-justification-right is-layout-flex wp-container-2 wp-block-navigation-is-layout-flex\" aria-label=\"Navigation\" ><button aria-haspopup=\"true\" aria-label=\"Open menu\" class=\"wp-block-navigation__responsive-container-open \" data-micromodal-trigger=\"modal-1\" ><svg width=\"24\" height=\"24\" xmlns=\"http:\/\/www.w3.org\/2000\/svg\" viewBox=\"0 0 24 24\" aria-hidden=\"true\" focusable=\"false\"><rect x=\"4\" y=\"7.5\" width=\"16\" height=\"1.5\" \/><rect x=\"4\" y=\"15\" width=\"16\" height=\"1.5\" \/><\/svg><\/button>\n\t\t\t<div class=\"wp-block-navigation__responsive-container  \" style=\"\" id=\"modal-1\" >\n\t\t\t\t<div class=\"wp-block-navigation__responsive-close\" tabindex=\"-1\" data-micromodal-close>\n\t\t\t\t\t<div class=\"wp-block-navigation__responsive-dialog\" aria-label=\"Menu\" >\n\t\t\t\t\t\t\t<button aria-label=\"Close menu\" data-micromodal-close class=\"wp-block-navigation__responsive-container-close\" ><svg xmlns=\"http:\/\/www.w3.org\/2000\/svg\" viewBox=\"0 0 24 24\" width=\"24\" height=\"24\" aria-hidden=\"true\" focusable=\"false\"><path d=\"M13 11.8l6.1-6.3-1-1-6.1 6.2-6.1-6.2-1 1 6.1 6.3-6.5 6.7 1 1 6.5-6.6 6.5 6.6 1-1z\"><\/path><\/svg><\/button>\n\t\t\t\t\t\t<div class=\"wp-block-navigation__responsive-container-content\" id=\"modal-1-content\">\n\t\t\t\t\t\t\t<ul class=\"wp-block-navigation__container is-responsive items-justified-right wp-block-navigation\"><li class=\" wp-block-navigation-item wp-block-navigation-link\"><a class=\"wp-block-navigation-item__content\"  href=\"https:\/\/luciemarvingt.fr\/index.php\/6-2\/\"><span class=\"wp-block-navigation-item__label\">accueil<\/span><\/a><\/li><li class=\" wp-block-navigation-item has-child open-on-hover-click wp-block-navigation-submenu\"><a class=\"wp-block-navigation-item__content\" href=\"https:\/\/luciemarvingt.fr\/index.php\/37-2\/\">travaux<\/a><button aria-label=\"travaux submenu\" class=\"wp-block-navigation__submenu-icon wp-block-navigation-submenu__toggle\" aria-expanded=\"false\"><svg xmlns=\"http:\/\/www.w3.org\/2000\/svg\" width=\"12\" height=\"12\" viewBox=\"0 0 12 12\" fill=\"none\" aria-hidden=\"true\" focusable=\"false\"><path d=\"M1.50002 4L6.00002 8L10.5 4\" stroke-width=\"1.5\"><\/path><\/svg><\/button><ul class=\"wp-block-navigation__submenu-container wp-block-navigation-submenu\"><li class=\" wp-block-navigation-item wp-block-navigation-link\"><a class=\"wp-block-navigation-item__content\"  href=\"https:\/\/luciemarvingt.fr\/index.php\/37-2\/\"><span class=\"wp-block-navigation-item__label\">Affleurements<\/span><\/a><\/li><li class=\" wp-block-navigation-item wp-block-navigation-link\"><a class=\"wp-block-navigation-item__content\"  href=\"https:\/\/luciemarvingt.fr\/index.php\/50-2\/\"><span class=\"wp-block-navigation-item__label\">White<\/span><\/a><\/li><li class=\" wp-block-navigation-item wp-block-navigation-link\"><a class=\"wp-block-navigation-item__content\"  href=\"https:\/\/luciemarvingt.fr\/index.php\/121-2\/\"><span class=\"wp-block-navigation-item__label\">De neige de nuit<\/span><\/a><\/li><li class=\" wp-block-navigation-item wp-block-navigation-link\"><a class=\"wp-block-navigation-item__content\"  href=\"https:\/\/luciemarvingt.fr\/index.php\/139-2\/\"><span class=\"wp-block-navigation-item__label\">La peau<\/span><\/a><\/li><li class=\" wp-block-navigation-item wp-block-navigation-link\"><a class=\"wp-block-navigation-item__content\"  href=\"https:\/\/luciemarvingt.fr\/index.php\/21-grammes\/\"><span class=\"wp-block-navigation-item__label\">21 grammes<\/span><\/a><\/li><li class=\" wp-block-navigation-item wp-block-navigation-link\"><a class=\"wp-block-navigation-item__content\"  href=\"https:\/\/luciemarvingt.fr\/index.php\/rien-ne-soppose-a-la-nuit\/\"><span class=\"wp-block-navigation-item__label\">Rien ne s\u2019oppose \u00e0 la nuit<\/span><\/a><\/li><\/ul><\/li><li class=\" wp-block-navigation-item wp-block-navigation-link\"><a class=\"wp-block-navigation-item__content\"  href=\"https:\/\/luciemarvingt.fr\/index.php\/107-2\/\"><span class=\"wp-block-navigation-item__label\">\u00e0 propos<\/span><\/a><\/li><li class=\" wp-block-navigation-item wp-block-navigation-link\"><a class=\"wp-block-navigation-item__content\"  href=\"https:\/\/luciemarvingt.fr\/index.php\/110-2\/\"><span class=\"wp-block-navigation-item__label\">contact<\/span><\/a><\/li><\/ul>\n\t\t\t\t\t\t<\/div>\n\t\t\t\t\t<\/div>\n\t\t\t\t<\/div>\n\t\t\t<\/div><\/nav>\n\n\n<p style=\"font-size:clamp(20px, 1.25rem + ((1vw - 3.2px) * 1.364), 32px);\">WHITE<\/p>\n\n\n\n<p style=\"font-size:clamp(14px, 0.875rem + ((1vw - 3.2px) * 0.227), 16px);\">Loin de l\u2019image froide et hostile associ\u00e9e \u00e0 la haute montagne, la s\u00e9rie White pose un regard bienveillant, empreint de douceur, presque amoureux, sur cet environnement encore sauvage et d\u2019une grande beaut\u00e9. Cette approche s\u2019oppose au d\u00e9fi de l\u2019ascension, au sensationnel.<\/p>\n\n\n\n<p style=\"font-size:clamp(14px, 0.875rem + ((1vw - 3.2px) * 0.227), 16px);\">Choisir une posture contemplative et attentive qui seule permet de capter la surface sensible du paysage, cet \u00e9piderme qui mue avec le temps, les saisons, les intemp\u00e9ries, l&#8217;empreinte de l&#8217;homme.<\/p>\n\n\n\n<p style=\"font-size:clamp(14px, 0.875rem + ((1vw - 3.2px) * 0.227), 16px);\">Blancheur \u00e9ternelle des cimes, ponctuation d\u2019une v\u00e9g\u00e9tation rare, brisures et plissures des glaciers mena\u00e7ants, esth\u00e9tisme d\u2019un paysage silencieux, longtemps puissant et aujourd\u2019hui fragile.<\/p>\n\n\n\n<p style=\"font-size:clamp(14px, 0.875rem + ((1vw - 3.2px) * 0.227), 16px);\">A mesure que l&#8217;on s\u2019\u00e9l\u00e8ve le vivant se rar\u00e9fie, demeurent les reliefs p\u00e9trifi\u00e9s \u00e0 l\u2019encre de chine dans un monochrome stylis\u00e9. L&#8217;eau qui s&#8217;\u00e9coule se mue en glace bleut\u00e9e, elle s&#8217;\u00e9tire et se d\u00e9chire comme un corps \u00e0 l&#8217;\u00e9troit dans sa peau. La neige tombe comme un baume, couvre les plaies, dessine des courbes sur les ar\u00eates anguleuses.<\/p>\n\n\n\n<p style=\"font-size:clamp(14px, 0.875rem + ((1vw - 3.2px) * 0.227), 16px);\">Douceur et douleur se m\u00ealent ici dans le cycle infini de la mort et de la renaissance de ce monde de roche et de glace.<\/p>\n\n\n\n<figure class=\"wp-block-image size-large\"><img decoding=\"async\" loading=\"lazy\" width=\"768\" height=\"1024\" src=\"https:\/\/luciemarvingt.fr\/wp-content\/uploads\/2025\/03\/PXL_20220223_124208628v2-51x68-120x160-1-768x1024.jpg\" alt=\"\" class=\"wp-image-201\" srcset=\"https:\/\/luciemarvingt.fr\/wp-content\/uploads\/2025\/03\/PXL_20220223_124208628v2-51x68-120x160-1-768x1024.jpg 768w, https:\/\/luciemarvingt.fr\/wp-content\/uploads\/2025\/03\/PXL_20220223_124208628v2-51x68-120x160-1-225x300.jpg 225w, https:\/\/luciemarvingt.fr\/wp-content\/uploads\/2025\/03\/PXL_20220223_124208628v2-51x68-120x160-1-1152x1536.jpg 1152w, https:\/\/luciemarvingt.fr\/wp-content\/uploads\/2025\/03\/PXL_20220223_124208628v2-51x68-120x160-1-1536x2048.jpg 1536w, https:\/\/luciemarvingt.fr\/wp-content\/uploads\/2025\/03\/PXL_20220223_124208628v2-51x68-120x160-1-scaled.jpg 1920w\" sizes=\"(max-width: 768px) 100vw, 768px\" \/><\/figure>\n\n\n\n<figure class=\"wp-block-image size-large\"><img decoding=\"async\" loading=\"lazy\" width=\"1024\" height=\"682\" src=\"https:\/\/luciemarvingt.fr\/wp-content\/uploads\/2023\/09\/71A0520v2-white_19-1024x682.jpg\" alt=\"\" class=\"wp-image-51\" srcset=\"https:\/\/luciemarvingt.fr\/wp-content\/uploads\/2023\/09\/71A0520v2-white_19-1024x682.jpg 1024w, https:\/\/luciemarvingt.fr\/wp-content\/uploads\/2023\/09\/71A0520v2-white_19-300x200.jpg 300w, https:\/\/luciemarvingt.fr\/wp-content\/uploads\/2023\/09\/71A0520v2-white_19-768x512.jpg 768w, https:\/\/luciemarvingt.fr\/wp-content\/uploads\/2023\/09\/71A0520v2-white_19-1536x1024.jpg 1536w, https:\/\/luciemarvingt.fr\/wp-content\/uploads\/2023\/09\/71A0520v2-white_19.jpg 2000w\" sizes=\"(max-width: 1024px) 100vw, 1024px\" \/><\/figure>\n\n\n\n<figure class=\"wp-block-image aligncenter size-large is-resized\"><img decoding=\"async\" loading=\"lazy\" width=\"682\" height=\"1024\" src=\"https:\/\/luciemarvingt.fr\/wp-content\/uploads\/2023\/09\/E71A0200v2-white_23-682x1024.jpg\" alt=\"\" class=\"wp-image-52\" style=\"aspect-ratio:0.666015625;width:390px;height:auto\" srcset=\"https:\/\/luciemarvingt.fr\/wp-content\/uploads\/2023\/09\/E71A0200v2-white_23-682x1024.jpg 682w, https:\/\/luciemarvingt.fr\/wp-content\/uploads\/2023\/09\/E71A0200v2-white_23-200x300.jpg 200w, https:\/\/luciemarvingt.fr\/wp-content\/uploads\/2023\/09\/E71A0200v2-white_23-768x1152.jpg 768w, https:\/\/luciemarvingt.fr\/wp-content\/uploads\/2023\/09\/E71A0200v2-white_23-1024x1536.jpg 1024w, https:\/\/luciemarvingt.fr\/wp-content\/uploads\/2023\/09\/E71A0200v2-white_23.jpg 1333w\" sizes=\"(max-width: 682px) 100vw, 682px\" \/><\/figure>\n\n\n\n<figure class=\"wp-block-image size-large\"><img decoding=\"async\" loading=\"lazy\" width=\"1024\" height=\"683\" src=\"https:\/\/luciemarvingt.fr\/wp-content\/uploads\/2023\/09\/lucie_MARVINGT_white_4-1024x683.jpg\" alt=\"\" class=\"wp-image-53\" srcset=\"https:\/\/luciemarvingt.fr\/wp-content\/uploads\/2023\/09\/lucie_MARVINGT_white_4-1024x683.jpg 1024w, https:\/\/luciemarvingt.fr\/wp-content\/uploads\/2023\/09\/lucie_MARVINGT_white_4-300x200.jpg 300w, https:\/\/luciemarvingt.fr\/wp-content\/uploads\/2023\/09\/lucie_MARVINGT_white_4-768x512.jpg 768w, https:\/\/luciemarvingt.fr\/wp-content\/uploads\/2023\/09\/lucie_MARVINGT_white_4.jpg 1366w\" sizes=\"(max-width: 1024px) 100vw, 1024px\" \/><\/figure>\n\n\n\n<figure class=\"wp-block-image size-large\"><img decoding=\"async\" loading=\"lazy\" width=\"1024\" height=\"768\" src=\"https:\/\/luciemarvingt.fr\/wp-content\/uploads\/2024\/11\/PXL_20211225_103309494V2-51x68-37x50-150x112-1-1024x768.jpg\" alt=\"\" class=\"wp-image-165\" srcset=\"https:\/\/luciemarvingt.fr\/wp-content\/uploads\/2024\/11\/PXL_20211225_103309494V2-51x68-37x50-150x112-1-1024x768.jpg 1024w, https:\/\/luciemarvingt.fr\/wp-content\/uploads\/2024\/11\/PXL_20211225_103309494V2-51x68-37x50-150x112-1-300x225.jpg 300w, https:\/\/luciemarvingt.fr\/wp-content\/uploads\/2024\/11\/PXL_20211225_103309494V2-51x68-37x50-150x112-1-768x576.jpg 768w, https:\/\/luciemarvingt.fr\/wp-content\/uploads\/2024\/11\/PXL_20211225_103309494V2-51x68-37x50-150x112-1-1536x1152.jpg 1536w, https:\/\/luciemarvingt.fr\/wp-content\/uploads\/2024\/11\/PXL_20211225_103309494V2-51x68-37x50-150x112-1-2048x1536.jpg 2048w\" sizes=\"(max-width: 1024px) 100vw, 1024px\" \/><\/figure>\n\n\n\n<figure class=\"wp-block-image aligncenter size-large is-resized\"><img decoding=\"async\" loading=\"lazy\" width=\"1024\" height=\"1024\" src=\"https:\/\/luciemarvingt.fr\/wp-content\/uploads\/2024\/11\/IMG_0333-50x50-120x120-1-1024x1024.jpg\" alt=\"\" class=\"wp-image-167\" style=\"aspect-ratio:1;width:536px;height:auto\" srcset=\"https:\/\/luciemarvingt.fr\/wp-content\/uploads\/2024\/11\/IMG_0333-50x50-120x120-1-1024x1024.jpg 1024w, https:\/\/luciemarvingt.fr\/wp-content\/uploads\/2024\/11\/IMG_0333-50x50-120x120-1-300x300.jpg 300w, https:\/\/luciemarvingt.fr\/wp-content\/uploads\/2024\/11\/IMG_0333-50x50-120x120-1-150x150.jpg 150w, https:\/\/luciemarvingt.fr\/wp-content\/uploads\/2024\/11\/IMG_0333-50x50-120x120-1-768x768.jpg 768w, https:\/\/luciemarvingt.fr\/wp-content\/uploads\/2024\/11\/IMG_0333-50x50-120x120-1-1536x1536.jpg 1536w, https:\/\/luciemarvingt.fr\/wp-content\/uploads\/2024\/11\/IMG_0333-50x50-120x120-1-2048x2048.jpg 2048w\" sizes=\"(max-width: 1024px) 100vw, 1024px\" \/><\/figure>\n\n\n\n<figure class=\"wp-block-image size-full\"><img decoding=\"async\" loading=\"lazy\" width=\"900\" height=\"675\" src=\"https:\/\/luciemarvingt.fr\/wp-content\/uploads\/2024\/11\/lucie_MARVINGT_white_6.jpg\" alt=\"\" class=\"wp-image-179\" srcset=\"https:\/\/luciemarvingt.fr\/wp-content\/uploads\/2024\/11\/lucie_MARVINGT_white_6.jpg 900w, https:\/\/luciemarvingt.fr\/wp-content\/uploads\/2024\/11\/lucie_MARVINGT_white_6-300x225.jpg 300w, https:\/\/luciemarvingt.fr\/wp-content\/uploads\/2024\/11\/lucie_MARVINGT_white_6-768x576.jpg 768w\" sizes=\"(max-width: 900px) 100vw, 900px\" \/><\/figure>\n\n\n\n<figure class=\"wp-block-image size-large\"><img decoding=\"async\" loading=\"lazy\" width=\"1024\" height=\"576\" src=\"https:\/\/luciemarvingt.fr\/wp-content\/uploads\/2024\/11\/1260684v2-1024x576.jpg\" alt=\"\" class=\"wp-image-171\" srcset=\"https:\/\/luciemarvingt.fr\/wp-content\/uploads\/2024\/11\/1260684v2-1024x576.jpg 1024w, https:\/\/luciemarvingt.fr\/wp-content\/uploads\/2024\/11\/1260684v2-300x169.jpg 300w, https:\/\/luciemarvingt.fr\/wp-content\/uploads\/2024\/11\/1260684v2-768x432.jpg 768w, https:\/\/luciemarvingt.fr\/wp-content\/uploads\/2024\/11\/1260684v2-1536x864.jpg 1536w, https:\/\/luciemarvingt.fr\/wp-content\/uploads\/2024\/11\/1260684v2-2048x1152.jpg 2048w\" sizes=\"(max-width: 1024px) 100vw, 1024px\" \/><\/figure>\n\n\n\n<figure class=\"wp-block-image size-full\"><img decoding=\"async\" loading=\"lazy\" width=\"900\" height=\"506\" src=\"https:\/\/luciemarvingt.fr\/wp-content\/uploads\/2024\/11\/Lucie_MARVINGT_White_15.jpg\" alt=\"\" class=\"wp-image-170\" srcset=\"https:\/\/luciemarvingt.fr\/wp-content\/uploads\/2024\/11\/Lucie_MARVINGT_White_15.jpg 900w, https:\/\/luciemarvingt.fr\/wp-content\/uploads\/2024\/11\/Lucie_MARVINGT_White_15-300x169.jpg 300w, https:\/\/luciemarvingt.fr\/wp-content\/uploads\/2024\/11\/Lucie_MARVINGT_White_15-768x432.jpg 768w\" sizes=\"(max-width: 900px) 100vw, 900px\" \/><\/figure>\n\n\n\n<figure class=\"wp-block-image aligncenter size-full is-resized\"><img decoding=\"async\" loading=\"lazy\" width=\"900\" height=\"600\" src=\"https:\/\/luciemarvingt.fr\/wp-content\/uploads\/2024\/11\/71A0523-white_19.jpg\" alt=\"\" class=\"wp-image-172\" style=\"aspect-ratio:1.5;width:590px;height:auto\" srcset=\"https:\/\/luciemarvingt.fr\/wp-content\/uploads\/2024\/11\/71A0523-white_19.jpg 900w, https:\/\/luciemarvingt.fr\/wp-content\/uploads\/2024\/11\/71A0523-white_19-300x200.jpg 300w, https:\/\/luciemarvingt.fr\/wp-content\/uploads\/2024\/11\/71A0523-white_19-768x512.jpg 768w\" sizes=\"(max-width: 900px) 100vw, 900px\" \/><\/figure>\n\n\n\n<figure class=\"wp-block-image size-large\"><img decoding=\"async\" loading=\"lazy\" width=\"1024\" height=\"682\" src=\"https:\/\/luciemarvingt.fr\/wp-content\/uploads\/2024\/11\/E71A0193-white_20-1024x682.jpg\" alt=\"\" class=\"wp-image-173\" srcset=\"https:\/\/luciemarvingt.fr\/wp-content\/uploads\/2024\/11\/E71A0193-white_20-1024x682.jpg 1024w, https:\/\/luciemarvingt.fr\/wp-content\/uploads\/2024\/11\/E71A0193-white_20-300x200.jpg 300w, https:\/\/luciemarvingt.fr\/wp-content\/uploads\/2024\/11\/E71A0193-white_20-768x512.jpg 768w, https:\/\/luciemarvingt.fr\/wp-content\/uploads\/2024\/11\/E71A0193-white_20-1536x1024.jpg 1536w, https:\/\/luciemarvingt.fr\/wp-content\/uploads\/2024\/11\/E71A0193-white_20.jpg 2000w\" sizes=\"(max-width: 1024px) 100vw, 1024px\" \/><\/figure>\n\n\n\n<figure class=\"wp-block-image size-full\"><img decoding=\"async\" loading=\"lazy\" width=\"900\" height=\"600\" src=\"https:\/\/luciemarvingt.fr\/wp-content\/uploads\/2024\/11\/lucie_MARVINGT_white_9.jpg\" alt=\"\" class=\"wp-image-174\" srcset=\"https:\/\/luciemarvingt.fr\/wp-content\/uploads\/2024\/11\/lucie_MARVINGT_white_9.jpg 900w, https:\/\/luciemarvingt.fr\/wp-content\/uploads\/2024\/11\/lucie_MARVINGT_white_9-300x200.jpg 300w, https:\/\/luciemarvingt.fr\/wp-content\/uploads\/2024\/11\/lucie_MARVINGT_white_9-768x512.jpg 768w\" sizes=\"(max-width: 900px) 100vw, 900px\" \/><\/figure>\n\n\n\n<figure class=\"wp-block-image aligncenter size-full is-resized\"><img decoding=\"async\" loading=\"lazy\" width=\"900\" height=\"600\" src=\"https:\/\/luciemarvingt.fr\/wp-content\/uploads\/2024\/11\/lucie_MARVINGT_white_10.jpg\" alt=\"\" class=\"wp-image-175\" style=\"aspect-ratio:1.5;width:611px;height:auto\" srcset=\"https:\/\/luciemarvingt.fr\/wp-content\/uploads\/2024\/11\/lucie_MARVINGT_white_10.jpg 900w, https:\/\/luciemarvingt.fr\/wp-content\/uploads\/2024\/11\/lucie_MARVINGT_white_10-300x200.jpg 300w, https:\/\/luciemarvingt.fr\/wp-content\/uploads\/2024\/11\/lucie_MARVINGT_white_10-768x512.jpg 768w\" sizes=\"(max-width: 900px) 100vw, 900px\" \/><\/figure>\n\n\n\n<figure class=\"wp-block-gallery has-nested-images columns-default is-cropped wp-block-gallery-3 is-layout-flex wp-block-gallery-is-layout-flex\">\n<figure class=\"wp-block-image size-large\"><img decoding=\"async\" loading=\"lazy\" width=\"1024\" height=\"576\" data-id=\"67\" src=\"https:\/\/luciemarvingt.fr\/wp-content\/uploads\/2023\/09\/lucie_MARVINGT_white_3-1024x576.jpg\" alt=\"\" class=\"wp-image-67\" srcset=\"https:\/\/luciemarvingt.fr\/wp-content\/uploads\/2023\/09\/lucie_MARVINGT_white_3-1024x576.jpg 1024w, https:\/\/luciemarvingt.fr\/wp-content\/uploads\/2023\/09\/lucie_MARVINGT_white_3-300x169.jpg 300w, https:\/\/luciemarvingt.fr\/wp-content\/uploads\/2023\/09\/lucie_MARVINGT_white_3-768x432.jpg 768w, https:\/\/luciemarvingt.fr\/wp-content\/uploads\/2023\/09\/lucie_MARVINGT_white_3-1536x864.jpg 1536w, https:\/\/luciemarvingt.fr\/wp-content\/uploads\/2023\/09\/lucie_MARVINGT_white_3.jpg 2000w\" sizes=\"(max-width: 1024px) 100vw, 1024px\" \/><\/figure>\n<\/figure>\n\n\n\n<figure class=\"wp-block-image size-large\"><img decoding=\"async\" loading=\"lazy\" width=\"1024\" height=\"682\" src=\"https:\/\/luciemarvingt.fr\/wp-content\/uploads\/2024\/11\/lucie_MARVINGT-white_9-1024x682.jpg\" alt=\"\" class=\"wp-image-185\" srcset=\"https:\/\/luciemarvingt.fr\/wp-content\/uploads\/2024\/11\/lucie_MARVINGT-white_9-1024x682.jpg 1024w, https:\/\/luciemarvingt.fr\/wp-content\/uploads\/2024\/11\/lucie_MARVINGT-white_9-300x200.jpg 300w, https:\/\/luciemarvingt.fr\/wp-content\/uploads\/2024\/11\/lucie_MARVINGT-white_9-768x512.jpg 768w, https:\/\/luciemarvingt.fr\/wp-content\/uploads\/2024\/11\/lucie_MARVINGT-white_9-1536x1024.jpg 1536w, https:\/\/luciemarvingt.fr\/wp-content\/uploads\/2024\/11\/lucie_MARVINGT-white_9.jpg 2000w\" sizes=\"(max-width: 1024px) 100vw, 1024px\" \/><\/figure>\n\n\n<nav class=\"is-responsive wp-block-navigation is-layout-flex wp-block-navigation-is-layout-flex\" aria-label=\"Navigation 2\" ><button aria-haspopup=\"true\" aria-label=\"Open menu\" class=\"wp-block-navigation__responsive-container-open \" data-micromodal-trigger=\"modal-5\" ><svg width=\"24\" height=\"24\" xmlns=\"http:\/\/www.w3.org\/2000\/svg\" viewBox=\"0 0 24 24\" aria-hidden=\"true\" focusable=\"false\"><rect x=\"4\" y=\"7.5\" width=\"16\" height=\"1.5\" \/><rect x=\"4\" y=\"15\" width=\"16\" height=\"1.5\" \/><\/svg><\/button>\n\t\t\t<div class=\"wp-block-navigation__responsive-container  \" style=\"\" id=\"modal-5\" >\n\t\t\t\t<div class=\"wp-block-navigation__responsive-close\" tabindex=\"-1\" data-micromodal-close>\n\t\t\t\t\t<div class=\"wp-block-navigation__responsive-dialog\" aria-label=\"Menu\" >\n\t\t\t\t\t\t\t<button aria-label=\"Close menu\" data-micromodal-close class=\"wp-block-navigation__responsive-container-close\" ><svg xmlns=\"http:\/\/www.w3.org\/2000\/svg\" viewBox=\"0 0 24 24\" width=\"24\" height=\"24\" aria-hidden=\"true\" focusable=\"false\"><path d=\"M13 11.8l6.1-6.3-1-1-6.1 6.2-6.1-6.2-1 1 6.1 6.3-6.5 6.7 1 1 6.5-6.6 6.5 6.6 1-1z\"><\/path><\/svg><\/button>\n\t\t\t\t\t\t<div class=\"wp-block-navigation__responsive-container-content\" id=\"modal-5-content\">\n\t\t\t\t\t\t\t<ul class=\"wp-block-navigation__container is-responsive wp-block-navigation\"><li class=\" wp-block-navigation-item wp-block-navigation-link\"><a class=\"wp-block-navigation-item__content\"  href=\"https:\/\/luciemarvingt.fr\/index.php\/6-2\/\"><span class=\"wp-block-navigation-item__label\">accueil<\/span><\/a><\/li><li class=\" wp-block-navigation-item has-child open-on-hover-click wp-block-navigation-submenu\"><a class=\"wp-block-navigation-item__content\" href=\"https:\/\/luciemarvingt.fr\/index.php\/37-2\/\">travaux<\/a><button aria-label=\"travaux submenu\" class=\"wp-block-navigation__submenu-icon wp-block-navigation-submenu__toggle\" aria-expanded=\"false\"><svg xmlns=\"http:\/\/www.w3.org\/2000\/svg\" width=\"12\" height=\"12\" viewBox=\"0 0 12 12\" fill=\"none\" aria-hidden=\"true\" focusable=\"false\"><path d=\"M1.50002 4L6.00002 8L10.5 4\" stroke-width=\"1.5\"><\/path><\/svg><\/button><ul class=\"wp-block-navigation__submenu-container wp-block-navigation-submenu\"><li class=\" wp-block-navigation-item wp-block-navigation-link\"><a class=\"wp-block-navigation-item__content\"  href=\"https:\/\/luciemarvingt.fr\/index.php\/37-2\/\"><span class=\"wp-block-navigation-item__label\">Affleurements<\/span><\/a><\/li><li class=\" wp-block-navigation-item wp-block-navigation-link\"><a class=\"wp-block-navigation-item__content\"  href=\"https:\/\/luciemarvingt.fr\/index.php\/50-2\/\"><span class=\"wp-block-navigation-item__label\">White<\/span><\/a><\/li><li class=\" wp-block-navigation-item wp-block-navigation-link\"><a class=\"wp-block-navigation-item__content\"  href=\"https:\/\/luciemarvingt.fr\/index.php\/121-2\/\"><span class=\"wp-block-navigation-item__label\">De neige de nuit<\/span><\/a><\/li><li class=\" wp-block-navigation-item wp-block-navigation-link\"><a class=\"wp-block-navigation-item__content\"  href=\"https:\/\/luciemarvingt.fr\/index.php\/139-2\/\"><span class=\"wp-block-navigation-item__label\">La peau<\/span><\/a><\/li><li class=\" wp-block-navigation-item wp-block-navigation-link\"><a class=\"wp-block-navigation-item__content\"  href=\"https:\/\/luciemarvingt.fr\/index.php\/21-grammes\/\"><span class=\"wp-block-navigation-item__label\">21 grammes<\/span><\/a><\/li><li class=\" wp-block-navigation-item wp-block-navigation-link\"><a class=\"wp-block-navigation-item__content\"  href=\"https:\/\/luciemarvingt.fr\/index.php\/rien-ne-soppose-a-la-nuit\/\"><span class=\"wp-block-navigation-item__label\">Rien ne s\u2019oppose \u00e0 la nuit<\/span><\/a><\/li><\/ul><\/li><li class=\" wp-block-navigation-item wp-block-navigation-link\"><a class=\"wp-block-navigation-item__content\"  href=\"https:\/\/luciemarvingt.fr\/index.php\/107-2\/\"><span class=\"wp-block-navigation-item__label\">\u00e0 propos<\/span><\/a><\/li><li class=\" wp-block-navigation-item wp-block-navigation-link\"><a class=\"wp-block-navigation-item__content\"  href=\"https:\/\/luciemarvingt.fr\/index.php\/110-2\/\"><span class=\"wp-block-navigation-item__label\">contact<\/span><\/a><\/li><\/ul>\n\t\t\t\t\t\t<\/div>\n\t\t\t\t\t<\/div>\n\t\t\t\t<\/div>\n\t\t\t<\/div><\/nav>","protected":false},"excerpt":{"rendered":"<p>WHITE Loin de l\u2019image froide et hostile associ\u00e9e \u00e0 la haute montagne, la s\u00e9rie White pose un regard bienveillant, empreint de douceur, presque amoureux, sur cet environnement encore sauvage et d\u2019une grande beaut\u00e9. Cette approche s\u2019oppose au d\u00e9fi de l\u2019ascension, au sensationnel. Choisir une posture contemplative et attentive qui seule permet de capter la surface [&hellip;]<\/p>\n","protected":false},"author":1,"featured_media":0,"parent":0,"menu_order":0,"comment_status":"closed","ping_status":"closed","template":"blank","meta":{"footnotes":""},"_links":{"self":[{"href":"https:\/\/luciemarvingt.fr\/index.php\/wp-json\/wp\/v2\/pages\/50"}],"collection":[{"href":"https:\/\/luciemarvingt.fr\/index.php\/wp-json\/wp\/v2\/pages"}],"about":[{"href":"https:\/\/luciemarvingt.fr\/index.php\/wp-json\/wp\/v2\/types\/page"}],"author":[{"embeddable":true,"href":"https:\/\/luciemarvingt.fr\/index.php\/wp-json\/wp\/v2\/users\/1"}],"replies":[{"embeddable":true,"href":"https:\/\/luciemarvingt.fr\/index.php\/wp-json\/wp\/v2\/comments?post=50"}],"version-history":[{"count":14,"href":"https:\/\/luciemarvingt.fr\/index.php\/wp-json\/wp\/v2\/pages\/50\/revisions"}],"predecessor-version":[{"id":202,"href":"https:\/\/luciemarvingt.fr\/index.php\/wp-json\/wp\/v2\/pages\/50\/revisions\/202"}],"wp:attachment":[{"href":"https:\/\/luciemarvingt.fr\/index.php\/wp-json\/wp\/v2\/media?parent=50"}],"curies":[{"name":"wp","href":"https:\/\/api.w.org\/{rel}","templated":true}]}}